{"id":2778,"date":"2021-12-03T12:19:06","date_gmt":"2021-12-03T12:19:06","guid":{"rendered":"https:\/\/elmonarca.es\/soziale-netzwerke\/"},"modified":"2021-12-03T12:19:06","modified_gmt":"2021-12-03T12:19:06","slug":"soziale-netzwerke","status":"publish","type":"page","link":"https:\/\/elmonarca.es\/de\/soziale-netzwerke\/","title":{"rendered":"Soziale Netzwerke"},"content":{"rendered":"<div class=\"wpb-content-wrapper\"><p>[vc_row][vc_column width=&#8221;1\/6&#8243;][\/vc_column][vc_column width=&#8221;2\/3&#8243;][vc_column_text css=&#8221;.vc_custom_1635934716202{margin-top: 50px !important;}&#8221;]<\/p>\n<h2 style=\"text-align: center;\">Wir sind in sozialen Netzwerken<\/h2>\n<p style=\"text-align: center;\"><strong>Dank ihnen k\u00f6nnen wir neue Wege der Beziehung und Kommunikation mit unseren Kunden aufbauen.<\/strong><\/p>\n<p style=\"text-align: center;\">Alle Inhalte, die wir darin ver\u00f6ffentlichen, sind bereits Teil unseres t\u00e4glichen Lebens als B\u00fcrger und vielleicht die am weitesten verbreitete Art, miteinander in Kontakt zu treten. Wir bei El Monarca m\u00f6chten, dass dies ein wesentlicher Bestandteil Ihrer Erfahrung mit uns ist und so einen grundlegenden und direkten Kommunikationskanal schafft.<\/p>\n<p>[\/vc_column_text][\/vc_column][vc_column width=&#8221;1\/6&#8243;][\/vc_column][\/vc_row][vc_row css=&#8221;.vc_custom_1635934564799{margin-top: 50px !important;margin-bottom: 50px !important;}&#8221;][vc_column width=&#8221;1\/5&#8243;][insight_icon_boxes style=&#8221;icon_on_top_2&#8243; icon_type=&#8221;custom&#8221; element_tag=&#8221;h2&#8243; title=&#8221;Facebook&#8221; custom_icon=&#8221;1332&#8243;][\/insight_icon_boxes][vc_separator css=&#8221;.vc_custom_1635933583560{margin-top: 15px !important;}&#8221;][vc_column_text css_animation=&#8221;fadeInUp&#8221; css=&#8221;.vc_custom_1636044485663{margin-top: 0px !important;}&#8221;]<\/p>\n<h6 style=\"text-align: center;\"><a href=\"https:\/\/es-es.facebook.com\/meloneselmonarca\/\" target=\"_blank\" rel=\"noopener\">BESUCH<\/a><\/h6>\n<p>[\/vc_column_text][\/vc_column][vc_column width=&#8221;1\/5&#8243;][insight_icon_boxes style=&#8221;icon_on_top_2&#8243; icon_type=&#8221;custom&#8221; element_tag=&#8221;h2&#8243; title=&#8221;Twitter&#8221; custom_icon=&#8221;1334&#8243;][\/insight_icon_boxes][vc_separator css=&#8221;.vc_custom_1635933583560{margin-top: 15px !important;}&#8221;][vc_column_text css_animation=&#8221;fadeInUp&#8221; css=&#8221;.vc_custom_1636044539413{margin-top: 0px !important;}&#8221;]<\/p>\n<h6 style=\"text-align: center;\"><a href=\"https:\/\/twitter.com\/elmonarcamelons?lang=es\" target=\"_blank\" rel=\"noopener\">BESUCH<\/a><\/h6>\n<p>[\/vc_column_text][\/vc_column][vc_column width=&#8221;1\/5&#8243;][insight_icon_boxes style=&#8221;icon_on_top_2&#8243; icon_type=&#8221;custom&#8221; element_tag=&#8221;h2&#8243; title=&#8221;Instagram&#8221; custom_icon=&#8221;1333&#8243; link=&#8221;url:https%3A%2F%2Fwww.instagram.com%2Fmeloneselmonarca&#8221;][\/insight_icon_boxes][vc_separator css=&#8221;.vc_custom_1635933583560{margin-top: 15px !important;}&#8221;][vc_column_text css_animation=&#8221;fadeInUp&#8221; css=&#8221;.vc_custom_1635933837155{margin-top: 0px !important;}&#8221;]<\/p>\n<h6 style=\"text-align: center;\"><a href=\"https:\/\/www.instagram.com\/meloneselmonarca\" target=\"_blank\" rel=\"noopener\">BESUCH<\/a><\/h6>\n<p>[\/vc_column_text][\/vc_column][vc_column width=&#8221;1\/5&#8243;][insight_icon_boxes style=&#8221;icon_on_top_2&#8243; icon_type=&#8221;custom&#8221; element_tag=&#8221;h2&#8243; title=&#8221;Pinterest&#8221; custom_icon=&#8221;1330&#8243;][\/insight_icon_boxes][vc_separator css=&#8221;.vc_custom_1635933583560{margin-top: 15px !important;}&#8221;][vc_column_text css_animation=&#8221;fadeInUp&#8221; css=&#8221;.vc_custom_1636044561116{margin-top: 0px !important;}&#8221;]<\/p>\n<h6 style=\"text-align: center;\"><a href=\"https:\/\/www.pinterest.es\/melonselmonarca\" target=\"_blank\" rel=\"noopener\">BESUCH<\/a><\/h6>\n<p>[\/vc_column_text][\/vc_column][vc_column width=&#8221;1\/5&#8243;][insight_icon_boxes style=&#8221;icon_on_top_2&#8243; icon_type=&#8221;custom&#8221; element_tag=&#8221;h2&#8243; title=&#8221;YouTube&#8221; custom_icon=&#8221;1331&#8243;][\/insight_icon_boxes][vc_separator css=&#8221;.vc_custom_1635933583560{margin-top: 15px !important;}&#8221;][vc_column_text css_animation=&#8221;fadeInUp&#8221; css=&#8221;.vc_custom_1635934154027{margin-top: 0px !important;}&#8221;]<\/p>\n<h6 style=\"text-align: center;\"><a href=\"https:\/\/www.youtube.com\/c\/MelonesElMonarca\" target=\"_blank\" rel=\"noopener\">BESUCH<\/a><\/h6>\n<p>[\/vc_column_text][\/vc_column][\/vc_row][vc_row css=&#8221;.vc_custom_1635933042964{margin-bottom: 0px !important;}&#8221;][vc_column][vc_single_image image=&#8221;1329&#8243; img_size=&#8221;full&#8221; alignment=&#8221;center&#8221; css=&#8221;.vc_custom_1635933077099{margin-bottom: 0px !important;}&#8221;][\/vc_column][\/vc_row]<\/p>\n<\/div>","protected":false},"excerpt":{"rendered":"<p>[vc_row][vc_column width=&#8221;1\/6&#8243;][\/vc_column][vc_column width=&#8221;2\/3&#8243;][vc_column_text css=&#8221;.vc_custom_1635934716202{margin-top: 50px !important;}&#8221;] Wir sind in sozialen Netzwerken Dank ihnen k\u00f6nnen wir neue Wege der Beziehung und Kommunikation mit unseren Kunden aufbauen. Alle Inhalte, die wir darin ver\u00f6ffentlichen, sind bereits Teil unseres t\u00e4glichen Lebens als B\u00fcrger und vielleicht die am weitesten verbreitete Art, miteinander in Kontakt zu treten. Wir bei El Monarca&#8230;<\/p>\n","protected":false},"author":1,"featured_media":0,"parent":0,"menu_order":0,"comment_status":"closed","ping_status":"closed","template":"","meta":{"footnotes":""},"class_list":["post-2778","page","type-page","status-publish","hentry"],"_links":{"self":[{"href":"https:\/\/elmonarca.es\/de\/wp-json\/wp\/v2\/pages\/2778","targetHints":{"allow":["GET"]}}],"collection":[{"href":"https:\/\/elmonarca.es\/de\/wp-json\/wp\/v2\/pages"}],"about":[{"href":"https:\/\/elmonarca.es\/de\/wp-json\/wp\/v2\/types\/page"}],"author":[{"embeddable":true,"href":"https:\/\/elmonarca.es\/de\/wp-json\/wp\/v2\/users\/1"}],"replies":[{"embeddable":true,"href":"https:\/\/elmonarca.es\/de\/wp-json\/wp\/v2\/comments?post=2778"}],"version-history":[{"count":3,"href":"https:\/\/elmonarca.es\/de\/wp-json\/wp\/v2\/pages\/2778\/revisions"}],"predecessor-version":[{"id":2781,"href":"https:\/\/elmonarca.es\/de\/wp-json\/wp\/v2\/pages\/2778\/revisions\/2781"}],"wp:attachment":[{"href":"https:\/\/elmonarca.es\/de\/wp-json\/wp\/v2\/media?parent=2778"}],"curies":[{"name":"wp","href":"https:\/\/api.w.org\/{rel}","templated":true}]}}