{"id":2922,"date":"2021-12-03T12:19:22","date_gmt":"2021-12-03T12:19:22","guid":{"rendered":"https:\/\/elmonarca.es\/engagement-fuer-die-gesellschaft\/"},"modified":"2022-09-15T12:04:02","modified_gmt":"2022-09-15T12:04:02","slug":"engagement-fuer-die-gesellschaft","status":"publish","type":"page","link":"https:\/\/elmonarca.es\/de\/engagement-fuer-die-gesellschaft\/","title":{"rendered":"Engagement f\u00fcr die Gesellschaft"},"content":{"rendered":"<div class=\"wpb-content-wrapper\"><p>[vc_row css=&#8221;.vc_custom_1635939578234{margin-bottom: 100px !important;}&#8221;][vc_column][vc_column_text]<\/p>\n<h4 style=\"text-align: center; font-weight: 300;\">Bei El Monarca wissen wir um die Bedeutung von Corporate Social Responsibility (CSR) und arbeiten deshalb mit verschiedenen Stiftungen und Projekten sozialer Natur zusammen<\/h4>\n<p style=\"text-align: center;\"><span style=\"color: #696969; font-family: Playfair Display; font-style: italic; font-weight: 400; font-size: 18px;\">Obst und Gem\u00fcse El Monarca, engagiert f\u00fcr das, was uns geh\u00f6rt<\/span><\/p>\n<p>[\/vc_column_text][\/vc_column][\/vc_row][vc_section][vc_row css=&#8221;.vc_custom_1636030547523{margin-bottom: 75px !important;}&#8221;][vc_column][vc_column_text]<\/p>\n<h2 style=\"text-align: center; font-size: 48px; letter-spacing: 0.1em; color: #527807; font-weight: 300; line-height: 1.2;\">BEKENNTNIS ZU<br \/>\nMENSCHEN MIT DOWN-SYNDROM<\/h2>\n<p>[\/vc_column_text][\/vc_column][\/vc_row][vc_row css=&#8221;.vc_custom_1635940010292{margin-bottom: 25px !important;}&#8221;][vc_column][insight_title uppercase=&#8221;yes&#8221; font_family=&#8221;secondary&#8221; font_weight=&#8221;300&#8243; background_icon=&#8221;yes&#8221; separator_line=&#8221;yes&#8221; align=&#8221;text-left&#8221; title=&#8221;Solidarit\u00e4tsmelone Down&#8221; el_class=&#8221;.verde-sub&#8221;][\/vc_column][\/vc_row][vc_row][vc_column width=&#8221;1\/2&#8243; css=&#8221;.vc_custom_1635939982123{margin-top: 50px !important;}&#8221;][vc_column_text]<\/p>\n<p class=\"Textbody\">In Zusammenarbeit mit <strong>Assido<\/strong> bieten wir seit 2002 die M\u00f6glichkeit <strong>Mel\u00f3n Solidario<\/strong> zu kaufen. Mit dem Kauf dieser Melone hat sie mit Projekten zusammengearbeitet wie <strong>RESSIDO<\/strong> , das auf basiert <strong>Bereitstellung von sozialen Diensten f\u00fcr Lebensqualit\u00e4t und Besch\u00e4ftigung f\u00fcr Menschen mit Down-Syndrom<\/strong>, durch den Bau von Freizeitzentren und einer Residenz, die an 365 Tagen im Jahr Menschen mit Behinderungen \u00fcber 40 beherbergt und so ihre Lebensqualit\u00e4t verbessert.<\/p>\n<p class=\"Textbody\">Mel\u00f3n Solidario entsteht seit 2017 <strong>in Zusammenarbeit mit Down Espa\u00f1a und El Corte Ingl\u00e9s<\/strong> . Melone kann von Mai bis Oktober in den Gesch\u00e4ften der <strong>Grupo El Corte Ingl\u00e9s<\/strong> (Supermercado, Hipercor und Supercor) sowohl in physischen Gesch\u00e4ften als auch <a href=\"https:\/\/www.elcorteingles.es\/supermercado\/0110118102100494-melon-piel-de-sapo-solidario-pieza-3-kg-peso-aproximado\/\"><span style=\"color: windowtext; text-decoration: none; text-underline: none;\">online<\/span><\/a> gekauft werden.<\/p>\n<p>[\/vc_column_text][\/vc_column][vc_column width=&#8221;1\/2&#8243;][vc_single_image image=&#8221;1361&#8243; img_size=&#8221;large&#8221;][\/vc_column][\/vc_row][vc_row css=&#8221;.vc_custom_1635940010292{margin-bottom: 25px !important;}&#8221;][vc_column][insight_title uppercase=&#8221;yes&#8221; font_family=&#8221;secondary&#8221; font_weight=&#8221;300&#8243; background_icon=&#8221;yes&#8221; separator_line=&#8221;yes&#8221; align=&#8221;text-right&#8221; title=&#8221;Solidarit\u00e4t Wassermelone DOWN&#8221; el_class=&#8221;.verde-sub&#8221;][\/vc_column][\/vc_row][vc_row][vc_column width=&#8221;1\/2&#8243; css=&#8221;.vc_custom_1635939982123{margin-top: 50px !important;}&#8221;][vc_single_image image=&#8221;1362&#8243; img_size=&#8221;large&#8221;][\/vc_column][vc_column width=&#8221;1\/2&#8243;][vc_column_text]<\/p>\n<p class=\"Textbody\"><strong>Seit 2018<\/strong> k\u00f6nnen Sie neben der Solidarity Melon auch die <strong>Solidarity Watermelon<\/strong> kaufen, ebenfalls <strong>zugunsten von Down Spain<\/strong> , die <strong>in den Gesch\u00e4ften der El Corte Ingl\u00e9s Group<\/strong> (Supermercado, Hipercor und Supercor) erh\u00e4ltlich ist. Wie Melone <a href=\"https:\/\/www.elcorteingles.es\/supermercado\/0110118102100510-el-monarca-sandia-sin-pepita-solidaria-pieza-35-kg-peso-aproximado\/\"><span style=\"color: windowtext; text-decoration: none; text-underline: none;\">kann es online<\/span><\/a> auf den Websites der Gruppe gekauft werden.<\/p>\n<p>[\/vc_column_text][\/vc_column][\/vc_row][vc_row css=&#8221;.vc_custom_1635940010292{margin-bottom: 25px !important;}&#8221;][vc_column][insight_title uppercase=&#8221;yes&#8221; font_family=&#8221;secondary&#8221; font_weight=&#8221;300&#8243; background_icon=&#8221;yes&#8221; separator_line=&#8221;yes&#8221; align=&#8221;text-left&#8221; title=&#8221;Solidarit\u00e4t Artischocke DOWN&#8221; el_class=&#8221;.verde-sub&#8221;][\/vc_column][\/vc_row][vc_row][vc_column width=&#8221;1\/2&#8243; css=&#8221;.vc_custom_1635939982123{margin-top: 50px !important;}&#8221;][vc_column_text]<\/p>\n<p class=\"Textbody\">Nach dem Erfolg der Solidarit\u00e4tsmelonen-Aktion 2017 haben wir f\u00fcr die Monate November bis M\u00e4rz ein neues Produkt vermarktet. Wie Melone <strong>kann sie in den Gesch\u00e4ften der Grupo El Corte Ingl\u00e9s<\/strong> (Supermercado, Hipercor und Supercor) sowohl in physischen Gesch\u00e4ften als auch online gekauft werden. <strong>Dank der Alcahofa k\u00f6nnen Sie das ganze Jahr \u00fcber solidarische Produkte zugunsten von Down Spain kaufen<\/strong> .<\/p>\n<p>[\/vc_column_text][\/vc_column][vc_column width=&#8221;1\/2&#8243;][vc_single_image image=&#8221;1363&#8243; img_size=&#8221;large&#8221;][\/vc_column][\/vc_row][vc_row css=&#8221;.vc_custom_1635940010292{margin-bottom: 25px !important;}&#8221;][vc_column][insight_title uppercase=&#8221;yes&#8221; font_family=&#8221;secondary&#8221; font_weight=&#8221;300&#8243; background_icon=&#8221;yes&#8221; separator_line=&#8221;yes&#8221; align=&#8221;text-left&#8221; title=&#8221;ENGAGIERT GEGEN BRUSTKREBS&#8221; el_class=&#8221;.verde-sub&#8221;][\/vc_column][\/vc_row][vc_row][vc_column width=&#8221;1\/2&#8243; css=&#8221;.vc_custom_1663242571826{margin-top: 0px !important;}&#8221;][vc_single_image image=&#8221;3807&#8243; img_size=&#8221;large&#8221;][\/vc_column][vc_column width=&#8221;1\/2&#8243;][vc_column_text]<\/p>\n<p class=\"Textbody\">Im Jahr 2018 haben wir das Solidarit\u00e4tsprojekt <strong>Un Mar de Vida<\/strong> ins Leben gerufen, das in einem speziell f\u00fcr dieses Produkt hergestellten Beh\u00e4lter hergestellt wird, einer Melonenschachtel in der Farbe, die <strong>den Kampf gegen Brustkrebs repr\u00e4sentiert<\/strong>, rosa.<br \/>\nDer Gewinn aus diesen Melonen geht an die <strong>Flamenco Rosa Sports Association<\/strong>, die sich ausschlie\u00dflich aus Frauen zusammensetzt, die Brustkrebs \u00fcberwunden haben, und die das Ruderteam <strong>Dragon Boat Flamenco Rosa<\/strong> BS bilden, das erste in Spanien in dieser BCS-Rudermodalit\u00e4t ( Breast Cancer Survivors , Brustkrebs\u00fcberlebende)<\/p>\n<p>[\/vc_column_text][\/vc_column][\/vc_row][\/vc_section]<\/p>\n<\/div>","protected":false},"excerpt":{"rendered":"<p>[vc_row css=&#8221;.vc_custom_1635939578234{margin-bottom: 100px !important;}&#8221;][vc_column][vc_column_text] Bei El Monarca wissen wir um die Bedeutung von Corporate Social Responsibility (CSR) und arbeiten deshalb mit verschiedenen Stiftungen und Projekten sozialer Natur zusammen Obst und Gem\u00fcse El Monarca, engagiert f\u00fcr das, was uns geh\u00f6rt [\/vc_column_text][\/vc_column][\/vc_row][vc_section][vc_row css=&#8221;.vc_custom_1636030547523{margin-bottom: 75px !important;}&#8221;][vc_column][vc_column_text] BEKENNTNIS ZU MENSCHEN MIT DOWN-SYNDROM [\/vc_column_text][\/vc_column][\/vc_row][vc_row css=&#8221;.vc_custom_1635940010292{margin-bottom: 25px !important;}&#8221;][vc_column][insight_title uppercase=&#8221;yes&#8221; font_family=&#8221;secondary&#8221; font_weight=&#8221;300&#8243;&#8230;<\/p>\n","protected":false},"author":1,"featured_media":0,"parent":0,"menu_order":0,"comment_status":"closed","ping_status":"closed","template":"","meta":{"footnotes":""},"class_list":["post-2922","page","type-page","status-publish","hentry"],"_links":{"self":[{"href":"https:\/\/elmonarca.es\/de\/wp-json\/wp\/v2\/pages\/2922","targetHints":{"allow":["GET"]}}],"collection":[{"href":"https:\/\/elmonarca.es\/de\/wp-json\/wp\/v2\/pages"}],"about":[{"href":"https:\/\/elmonarca.es\/de\/wp-json\/wp\/v2\/types\/page"}],"author":[{"embeddable":true,"href":"https:\/\/elmonarca.es\/de\/wp-json\/wp\/v2\/users\/1"}],"replies":[{"embeddable":true,"href":"https:\/\/elmonarca.es\/de\/wp-json\/wp\/v2\/comments?post=2922"}],"version-history":[{"count":10,"href":"https:\/\/elmonarca.es\/de\/wp-json\/wp\/v2\/pages\/2922\/revisions"}],"predecessor-version":[{"id":3845,"href":"https:\/\/elmonarca.es\/de\/wp-json\/wp\/v2\/pages\/2922\/revisions\/3845"}],"wp:attachment":[{"href":"https:\/\/elmonarca.es\/de\/wp-json\/wp\/v2\/media?parent=2922"}],"curies":[{"name":"wp","href":"https:\/\/api.w.org\/{rel}","templated":true}]}}