{"id":2960,"date":"2021-12-03T12:19:29","date_gmt":"2021-12-03T12:19:29","guid":{"rendered":"https:\/\/elmonarca.es\/oekologische-reichweite\/"},"modified":"2022-06-15T09:49:40","modified_gmt":"2022-06-15T09:49:40","slug":"oekologische-reichweite","status":"publish","type":"page","link":"https:\/\/elmonarca.es\/de\/oekologische-reichweite\/","title":{"rendered":"Nachhaltige Landwirtschaft"},"content":{"rendered":"<div class=\"wpb-content-wrapper\"><p>[vc_row][vc_column width=&#8221;1\/6&#8243;][\/vc_column][vc_column width=&#8221;2\/3&#8243;][vc_single_image image=&#8221;1567&#8243; img_size=&#8221;full&#8221; alignment=&#8221;right&#8221;][vc_column_text css=&#8221;.vc_custom_1655282424116{margin-bottom: 50px !important;}&#8221;]<\/p>\n<p class=\"Textbody\" style=\"text-align: center;\"><strong><span class=\"StrongEmphasis\">Monarca Organic<\/span><\/strong> ist die Obst- und Gem\u00fcsemarke von El Monarca f\u00fcr <strong>Nachhaltige Landwirtschaft.<\/strong><\/p>\n<p class=\"Textbody\" style=\"text-align: center;\">Unser Unternehmen ist sich t\u00e4glich der Bedeutung <strong>eines verantwortungsvollen und umweltschonenden Anbaus verschiedener Produkte<\/strong> bewusst.<\/p>\n<p class=\"Textbody\" style=\"text-align: center;\">Wir verwenden verschiedene Anbautechniken; von den traditionellsten bis zu den innovativsten, um Produkte mit einem einzigartigen Geschmack <strong>zu erhalten, die unseren Planeten respektieren.<\/strong><\/p>\n<p class=\"Textbody\" style=\"text-align: center;\">Im Rahmen unseres Engagements f\u00fcr die Umwelt haben wir diese Marke entwickelt, die <strong>Melone (Piel de Sapo und Amarillo) und Zitrone<\/strong> umfasst, alle mit <strong>einem Zertifikat f\u00fcr biologischen Landbau der Europ\u00e4ischen Union<\/strong> .<\/p>\n<p>[\/vc_column_text][vc_single_image image=&#8221;3788&#8243; img_size=&#8221;full&#8221; alignment=&#8221;center&#8221;][\/vc_column][vc_column width=&#8221;1\/6&#8243;][\/vc_column][\/vc_row]<\/p>\n<\/div>","protected":false},"excerpt":{"rendered":"<p>[vc_row][vc_column width=&#8221;1\/6&#8243;][\/vc_column][vc_column width=&#8221;2\/3&#8243;][vc_single_image image=&#8221;1567&#8243; img_size=&#8221;full&#8221; alignment=&#8221;right&#8221;][vc_column_text css=&#8221;.vc_custom_1655282424116{margin-bottom: 50px !important;}&#8221;] Monarca Organic ist die Obst- und Gem\u00fcsemarke von El Monarca f\u00fcr Nachhaltige Landwirtschaft. Unser Unternehmen ist sich t\u00e4glich der Bedeutung eines verantwortungsvollen und umweltschonenden Anbaus verschiedener Produkte bewusst. Wir verwenden verschiedene Anbautechniken; von den traditionellsten bis zu den innovativsten, um Produkte mit einem einzigartigen Geschmack zu&#8230;<\/p>\n","protected":false},"author":1,"featured_media":0,"parent":0,"menu_order":0,"comment_status":"closed","ping_status":"closed","template":"","meta":{"footnotes":""},"class_list":["post-2960","page","type-page","status-publish","hentry"],"_links":{"self":[{"href":"https:\/\/elmonarca.es\/de\/wp-json\/wp\/v2\/pages\/2960","targetHints":{"allow":["GET"]}}],"collection":[{"href":"https:\/\/elmonarca.es\/de\/wp-json\/wp\/v2\/pages"}],"about":[{"href":"https:\/\/elmonarca.es\/de\/wp-json\/wp\/v2\/types\/page"}],"author":[{"embeddable":true,"href":"https:\/\/elmonarca.es\/de\/wp-json\/wp\/v2\/users\/1"}],"replies":[{"embeddable":true,"href":"https:\/\/elmonarca.es\/de\/wp-json\/wp\/v2\/comments?post=2960"}],"version-history":[{"count":9,"href":"https:\/\/elmonarca.es\/de\/wp-json\/wp\/v2\/pages\/2960\/revisions"}],"predecessor-version":[{"id":3804,"href":"https:\/\/elmonarca.es\/de\/wp-json\/wp\/v2\/pages\/2960\/revisions\/3804"}],"wp:attachment":[{"href":"https:\/\/elmonarca.es\/de\/wp-json\/wp\/v2\/media?parent=2960"}],"curies":[{"name":"wp","href":"https:\/\/api.w.org\/{rel}","templated":true}]}}