{"id":3686,"date":"2022-01-31T10:26:09","date_gmt":"2022-01-31T10:26:09","guid":{"rendered":"https:\/\/elmonarca.es\/geschaeftsbedingungen\/"},"modified":"2022-01-31T11:42:21","modified_gmt":"2022-01-31T11:42:21","slug":"geschaeftsbedingungen","status":"publish","type":"page","link":"https:\/\/elmonarca.es\/de\/geschaeftsbedingungen\/","title":{"rendered":"Gesch\u00e4ftsbedingungen"},"content":{"rendered":"<div class=\"wpb-content-wrapper\"><p>[vc_row][vc_column][vc_column_text]<\/p>\n<h3>Newsletter<\/h3>\n<p>Der Newsletter-Service von El Monarca ist ein Service von El Monarca, S.A. (im Folgenden \u201eEl Monarca\u201c) an alle Benutzer der Website https:\/\/www.elmonarca.es\/, die daran interessiert sind, im Internet ver\u00f6ffentlichte Informationen von allgemeinem Interesse \u00fcber die zum Zeitpunkt der Anfrage vermarkteten Produkte zu erhalten Adh\u00e4sion und andere Aktivit\u00e4ten, die durchgef\u00fchrt werden, wie soziales Engagement und Neuigkeiten von El Monarca.<br \/>\nDie in den Newslettern enthaltenen Informationen dienen nur zu Informationszwecken.<\/p>\n<h3>Nutzungsbedingungen<\/h3>\n<p>Der Benutzer des El Monarca-Newsletter-Dienstes garantiert El Monarca in Bezug auf die angegebene E-Mail-Adresse die Genauigkeit und Richtigkeit desselben und verpflichtet sich, ihn jederzeit auf dem neuesten Stand zu halten, so dass El Monarca von jeglicher Verantwortung f\u00fcr den Versand befreit wird E-Mails an die vom Benutzer des Dienstes angegebene E-Mail-Adresse, bis sie ge\u00e4ndert wurde.<\/p>\n<p>El Monarca ist nicht f\u00fcr den korrekten Empfang von E-Mails verantwortlich und garantiert auch nicht den Zeitpunkt und das Datum des Eingangs, da nicht immer \u00fcberpr\u00fcft werden kann, ob zum Zeitpunkt des Versands die notwendigen Bedingungen f\u00fcr den korrekten Empfang von E-Mails vorliegen.<\/p>\n<p>El Monarca ist nicht verantwortlich f\u00fcr Sch\u00e4den, die durch Ausf\u00e4lle, \u00dcberlastungen, Unterbrechungen der Netzleitung oder andere Ereignisse derselben Art au\u00dferhalb von El Monarca entstehen, die den Benutzer des Dienstes daran hindern, den Newsletter zu erhalten.<\/p>\n<p>Von El Monarca kann die Bereitstellung dieses Dienstes vor\u00fcbergehend ausgesetzt werden, wenn technische oder Sicherheitsgr\u00fcnde dies erfordern, und haftet nicht f\u00fcr Sch\u00e4den, die dem Benutzer des Dienstes entstehen k\u00f6nnten.<br \/>\nDer Benutzer des Newsletter-Dienstes kann den Dienst jederzeit \u00fcber den daf\u00fcr vorgesehenen Link in den erhaltenen Mitteilungen abbestellen.<\/p>\n<h3>Hinweis zum Datenschutz<\/h3>\n<p>El Monarca verpflichtet sich zum Schutz Ihrer Privatsph\u00e4re und garantiert die Einhaltung der Gesetze zum Schutz personenbezogener Daten und insbesondere, dass Ihre personenbezogenen Daten wie folgt verarbeitet werden: rechtm\u00e4\u00dfig, fair und transparent; nach bestimmten ausdr\u00fccklichen und rechtm\u00e4\u00dfigen Zwecken; nur wenn es f\u00fcr die Behandlung angemessen, relevant und auf das Notwendige beschr\u00e4nkt ist; genau und aktuell; in einer Weise, die die Identifizierung der interessierten Partei nur f\u00fcr die Zeit erm\u00f6glicht, die f\u00fcr die Zwecke der Behandlung erforderlich ist; Gew\u00e4hrleistung Ihrer Sicherheit.<\/p>\n<p>In \u00dcbereinstimmung mit den Bestimmungen der geltenden Vorschriften zum Schutz personenbezogener Daten, insbesondere der Allgemeinen Datenschutzverordnung (\u201eRGPD\u201c), informieren wir Sie \u00fcber die Behandlung 1 Ihrer personenbezogenen Daten als Nutzer des Newsletter-Dienstes von El Monarca w\u00e4hrend seiner Beziehung zu El Monarca und nach deren Ende.<\/p>\n<p>Sie m\u00fcssen diese Erkl\u00e4rung lesen, um den Zweck der Verarbeitung Ihrer personenbezogenen Daten und die Umst\u00e4nde der Verarbeitung durch El Monarca zu erfahren.<\/p>\n<h3>Welche personenbezogenen Daten verarbeiten wir \u00fcber Sie?<\/h3>\n<p>El Monarca verarbeitet nur Ihre personenbezogenen Daten, die zur Erf\u00fcllung der unten aufgef\u00fchrten Verarbeitungszwecke erforderlich sind. Dies sind Ihre E-Mail-Adresse und Sprache.<\/p>\n<h3>Wie erhalten wir Ihre personenbezogenen Daten?<\/h3>\n<p>Sie stellen uns Ihre personenbezogenen Daten durch Ihre Registrierung beim Newsletter-Service von El Monarca zur Verf\u00fcgung.<\/p>\n<p>Wenn Sie uns Ihre personenbezogenen Daten nicht zur Verf\u00fcgung stellen, k\u00f6nnen wir Ihre Registrierung m\u00f6glicherweise nicht fortsetzen. Wir bitten Sie, Ihre pers\u00f6nlichen Daten zu aktualisieren, wenn sie sich \u00e4ndern, und immer wahrheitsgem\u00e4\u00dfe Angaben zu machen, da wir Ihre aktuellen Informationen ben\u00f6tigen.<\/p>\n<p>Die f\u00fcr die Verarbeitung Ihrer personenbezogenen Daten verantwortliche Person, an die Sie sich bei Fragen oder Verfahren im Zusammenhang mit dem Newsletter-Service wenden k\u00f6nnen, ist:<\/p>\n<p>FRUTAS Y VERDURAS EL MONARCA, SLU<br \/>\nParaje Los P\u00e9rez 4<br \/>\n30332 Balsapintada (Murcia) &#8211; Spanien<\/p>\n<h3>Zu welchen Zwecken behandeln wir Ihre Daten?<\/h3>\n<p>Wir informieren Sie, dass die Daten, die Sie uns \u00fcber dieses Formular zur Verf\u00fcgung stellen, ausschlie\u00dflich zu dem Zweck verarbeitet werden, Ihnen Informationen \u00fcber die im Internet ver\u00f6ffentlichten Produkte und\/oder Dienstleistungen zukommen zu lassen.<\/p>\n<h3>Was ist die Legitimit\u00e4t f\u00fcr die Behandlung Ihrer Daten?<\/h3>\n<p>Die Rechtsgrundlage f\u00fcr die Datenverarbeitung ist die Durchf\u00fchrung der Registrierung f\u00fcr den Newsletter-Dienst, den El Monarca bereitstellt, wenn Sie die Nutzungsbedingungen akzeptieren.<\/p>\n<h3>Wie lange bewahren wir Ihre Daten auf?<\/h3>\n<p>Die angegebenen personenbezogenen Daten werden so lange aufbewahrt, wie Sie diesen Newsletter-Service abonniert haben.<\/p>\n<p>Ungeachtet des Vorstehenden k\u00f6nnen die bereitgestellten personenbezogenen Daten f\u00fcr die von den geltenden Vorschriften vorgeschriebene Zeit ordnungsgem\u00e4\u00df gesperrt werden.<\/p>\n<h3>An wen werden Ihre Daten weitergegeben?<\/h3>\n<p>Ihre personenbezogenen Daten werden nicht an Dritte au\u00dferhalb von El Monarca, S.A. weitergegeben.<\/p>\n<h3>Welche Rechte haben Sie?<\/h3>\n<p>Der Eigent\u00fcmer der Daten und\/oder sein gesetzlicher Vertreter haben das Recht, auf seine personenbezogenen Daten zuzugreifen, die Gegenstand der Behandlung sind, sowie die Berichtigung unrichtiger Daten oder gegebenenfalls deren L\u00f6schung zu verlangen, wenn die Daten f\u00fcr die Zwecke nicht mehr erforderlich sind die gesammelt wurden, zus\u00e4tzlich zur Aus\u00fcbung des Rechts auf Widerspruch und Einschr\u00e4nkung der Behandlung und \u00dcbertragbarkeit der Daten. Falls die Zustimmung des Eigent\u00fcmers der personenbezogenen Daten eingeholt wurde, hat er das Recht, seine Zustimmung jederzeit zu widerrufen, ohne die Rechtm\u00e4\u00dfigkeit der Behandlung aufgrund der Zustimmung vor dem Widerruf zu beeintr\u00e4chtigen.<br \/>\nSie k\u00f6nnen Ihre Rechte kostenlos aus\u00fcben, indem Sie immer eine Kopie Ihres Personalausweises oder eines gleichwertigen Dokuments beif\u00fcgen, und zwar \u00fcber die folgenden Kan\u00e4le:<br \/>\n<lu><\/p>\n<li>Postanschrift: Paraje Los P\u00e9rez 4 | 30332 Balsapintada (Murcia) &#8211; Spanien<\/li>\n<li>E-Mail: info@elmonarca.es<\/li>\n<\/ul>\n<p>Falls Sie bei der Aus\u00fcbung Ihrer Rechte keine Zufriedenheit erlangt haben, k\u00f6nnen Sie eine Beschwerde bei der spanischen Datenschutzbeh\u00f6rde einreichen.<\/p>\n<h3>Sicherheit der Informationen<\/h3>\n<p>Wir haben die notwendigen technischen Ma\u00dfnahmen getroffen, um Ihre Daten und Informationen vor versehentlichem Verlust, unbefugtem Zugriff, Verwendung und Offenlegung zu sch\u00fctzen. Trotz sorgf\u00e4ltiger Umsetzung solcher Ma\u00dfnahmen sollte sich der Benutzer jedoch dar\u00fcber im Klaren sein, dass die Sicherheitsma\u00dfnahmen nicht unangreifbar sind. El Monarca ist nicht verantwortlich f\u00fcr die Handlungen Dritter, die unter Versto\u00df gegen diese Ma\u00dfnahmen auf die oben genannten Daten und Informationen zugreifen.<\/p>\n<p>El Monarca hat Verfahren f\u00fcr jeden Datensicherheitsvorfall eingerichtet.[\/vc_column_text][\/vc_column][\/vc_row]<\/p>\n<\/div>","protected":false},"excerpt":{"rendered":"<p>[vc_row][vc_column][vc_column_text] Newsletter Der Newsletter-Service von El Monarca ist ein Service von El Monarca, S.A. (im Folgenden \u201eEl Monarca\u201c) an alle Benutzer der Website https:\/\/www.elmonarca.es\/, die daran interessiert sind, im Internet ver\u00f6ffentlichte Informationen von allgemeinem Interesse \u00fcber die zum Zeitpunkt der Anfrage vermarkteten Produkte zu erhalten Adh\u00e4sion und andere Aktivit\u00e4ten, die durchgef\u00fchrt werden, wie soziales Engagement&#8230;<\/p>\n","protected":false},"author":1,"featured_media":0,"parent":0,"menu_order":0,"comment_status":"closed","ping_status":"closed","template":"","meta":{"footnotes":""},"class_list":["post-3686","page","type-page","status-publish","hentry"],"_links":{"self":[{"href":"https:\/\/elmonarca.es\/de\/wp-json\/wp\/v2\/pages\/3686","targetHints":{"allow":["GET"]}}],"collection":[{"href":"https:\/\/elmonarca.es\/de\/wp-json\/wp\/v2\/pages"}],"about":[{"href":"https:\/\/elmonarca.es\/de\/wp-json\/wp\/v2\/types\/page"}],"author":[{"embeddable":true,"href":"https:\/\/elmonarca.es\/de\/wp-json\/wp\/v2\/users\/1"}],"replies":[{"embeddable":true,"href":"https:\/\/elmonarca.es\/de\/wp-json\/wp\/v2\/comments?post=3686"}],"version-history":[{"count":11,"href":"https:\/\/elmonarca.es\/de\/wp-json\/wp\/v2\/pages\/3686\/revisions"}],"predecessor-version":[{"id":3715,"href":"https:\/\/elmonarca.es\/de\/wp-json\/wp\/v2\/pages\/3686\/revisions\/3715"}],"wp:attachment":[{"href":"https:\/\/elmonarca.es\/de\/wp-json\/wp\/v2\/media?parent=3686"}],"curies":[{"name":"wp","href":"https:\/\/api.w.org\/{rel}","templated":true}]}}