{"id":3367,"date":"2021-10-25T11:35:15","date_gmt":"2021-10-25T11:35:15","guid":{"rendered":"https:\/\/elmonarca.es\/producto\/kalische-artischocke\/"},"modified":"2021-10-25T11:35:15","modified_gmt":"2021-10-25T11:35:15","slug":"kalische-artischocke","status":"publish","type":"product","link":"https:\/\/elmonarca.es\/de\/producto\/kalische-artischocke\/","title":{"rendered":"Kalische Artischocke"},"content":{"rendered":"<p>Es zeichnet sich dadurch aus, dass seine Bl\u00fcten aus der Verschmelzung von Hunderten von winzigen Bl\u00fcten bestehen. Aus dem zentralen Teil der Pflanze entwickelt sich der St\u00e4ngel, der schlie\u00dflich einen Kopf produziert, der den essbaren Teil der Pflanze darstellt.<\/p>\n<p>Es ist der Prototyp f\u00fcr gesundes Gem\u00fcse, das von Medizinern wegen seines hohen Gehalts an Ballaststoffen, Eisen und Vitamin B empfohlen wird. Als reinigendes Lebensmittel, sehr geeignet zur Kontrolle von Diabetes, Verstopfung und Krebspr\u00e4vention<\/p>\n<p>Es el prototipo de verdura sana, recomendada por especialistas m\u00e9dicos por su importante cantidad de Fibra, Hierro y vitamina B. Siendo un alimento depurativo, muy adecuado para el control de la diabetes, el estre\u00f1imiento y la prevenci\u00f3n de c\u00e1ncer.<\/p>\n","protected":false},"excerpt":{"rendered":"<p>Es zeichnet sich dadurch aus, dass seine Bl\u00fcten aus der Verschmelzung von Hunderten von winzigen Bl\u00fcten bestehen.<\/p>\n","protected":false},"featured_media":2387,"template":"","meta":[],"product_cat":[124],"product_tag":[],"class_list":{"0":"post-3367","1":"product","2":"type-product","3":"status-publish","4":"has-post-thumbnail","6":"product_cat-artischocke","8":"first","9":"onbackorder","10":"shipping-taxable","11":"product-type-simple"},"_links":{"self":[{"href":"https:\/\/elmonarca.es\/de\/wp-json\/wp\/v2\/product\/3367","targetHints":{"allow":["GET"]}}],"collection":[{"href":"https:\/\/elmonarca.es\/de\/wp-json\/wp\/v2\/product"}],"about":[{"href":"https:\/\/elmonarca.es\/de\/wp-json\/wp\/v2\/types\/product"}],"wp:featuredmedia":[{"embeddable":true,"href":"https:\/\/elmonarca.es\/de\/wp-json\/wp\/v2\/media\/2387"}],"wp:attachment":[{"href":"https:\/\/elmonarca.es\/de\/wp-json\/wp\/v2\/media?parent=3367"}],"wp:term":[{"taxonomy":"product_cat","embeddable":true,"href":"https:\/\/elmonarca.es\/de\/wp-json\/wp\/v2\/product_cat?post=3367"},{"taxonomy":"product_tag","embeddable":true,"href":"https:\/\/elmonarca.es\/de\/wp-json\/wp\/v2\/product_tag?post=3367"}],"curies":[{"name":"wp","href":"https:\/\/api.w.org\/{rel}","templated":true}]}}