{"id":3372,"date":"2021-10-25T10:34:16","date_gmt":"2021-10-25T10:34:16","guid":{"rendered":"https:\/\/elmonarca.es\/producto\/3372\/"},"modified":"2022-03-03T10:46:27","modified_gmt":"2022-03-03T10:46:27","slug":"orange-candy-melone","status":"publish","type":"product","link":"https:\/\/elmonarca.es\/de\/producto\/orange-candy-melone\/","title":{"rendered":"Orange Candy Melone"},"content":{"rendered":"<p>Wir pr\u00e4sentieren unsere neue Premium Melone, Orange Candy von Monarca. Es ist ein Premium-Produkt, eine Melone mit intensiver S\u00fc\u00dfe, innen orange und in der Schale gelb.<\/p>\n<p>Mit dieser Melone gewinnen wir den traditionellen Melonengeschmack in einer neuer innovativen Pr\u00e4sentation , die durch den Kontrast der schwarzen Farbe, die sie umgibt, mit dem intensiven und leuchtenden Gelb auf der Au\u00dfenseite gekennzeichnet ist.<\/p>\n<p>Diese neue Sorte aus dem Hause S\u00e9minis wurde 2015 vorgestellt und wird von Gastronomen und erlesenen Kreisen sehr gesch\u00e4tzt. Auf dem Land von Cartagena im S\u00fcdosten Spaniens angebaut, ist sein Geschmack exquisit und seine S\u00fc\u00dfe reicht von 15\u00b0 bis 19\u00b0 Brix.<\/p>\n<p>Es wird in den Superm\u00e4rkten der Gruppe El Corte Ingl\u00e9s verkauft und ein Prozentsatz des Gewinns (0,05 \u20ac \/ kg) geht an DOWN Spanien, den spanischen Verband der Menschen mit Down-Syndrom.<\/p>\n","protected":false},"excerpt":{"rendered":"<p>Wir pr\u00e4sentieren unsere neue Premium Melone, Orange Candy von Monarca. Es ist ein Premium-Produkt, eine Melone mit intensiver S\u00fc\u00dfe, innen orange und in der Schale gelb.<\/p>\n","protected":false},"featured_media":2396,"template":"","meta":[],"product_cat":[127],"product_tag":[],"class_list":{"0":"post-3372","1":"product","2":"type-product","3":"status-publish","4":"has-post-thumbnail","6":"product_cat-melonen","8":"first","9":"onbackorder","10":"shipping-taxable","11":"product-type-simple"},"_links":{"self":[{"href":"https:\/\/elmonarca.es\/de\/wp-json\/wp\/v2\/product\/3372","targetHints":{"allow":["GET"]}}],"collection":[{"href":"https:\/\/elmonarca.es\/de\/wp-json\/wp\/v2\/product"}],"about":[{"href":"https:\/\/elmonarca.es\/de\/wp-json\/wp\/v2\/types\/product"}],"wp:featuredmedia":[{"embeddable":true,"href":"https:\/\/elmonarca.es\/de\/wp-json\/wp\/v2\/media\/2396"}],"wp:attachment":[{"href":"https:\/\/elmonarca.es\/de\/wp-json\/wp\/v2\/media?parent=3372"}],"wp:term":[{"taxonomy":"product_cat","embeddable":true,"href":"https:\/\/elmonarca.es\/de\/wp-json\/wp\/v2\/product_cat?post=3372"},{"taxonomy":"product_tag","embeddable":true,"href":"https:\/\/elmonarca.es\/de\/wp-json\/wp\/v2\/product_tag?post=3372"}],"curies":[{"name":"wp","href":"https:\/\/api.w.org\/{rel}","templated":true}]}}