{"id":3373,"date":"2021-10-25T10:30:31","date_gmt":"2021-10-25T10:30:31","guid":{"rendered":"https:\/\/elmonarca.es\/producto\/gelbe-melone\/"},"modified":"2021-10-25T10:30:31","modified_gmt":"2021-10-25T10:30:31","slug":"gelbe-melone","status":"publish","type":"product","link":"https:\/\/elmonarca.es\/de\/producto\/gelbe-melone\/","title":{"rendered":"Gelbe Melone"},"content":{"rendered":"<p>Die Gelbe Melone (Cucumis melo) Kanarienvogel ,oder Wintermelone ist eine gro\u00dfe, l\u00e4ngliche, leuchtend gelbe Melone mit einem hellgr\u00fcnen bis wei\u00dfen inneren Fruchtfleisch. Diese Melone hat einen unverwechselbaren s\u00fc\u00dfen Geschmack, der etwas w\u00fcrziger ist als eine s\u00fcsse Melone. Das Fruchtfleisch \u00e4hnelt dem einer Birne, ist aber weicher. Im reifen Zustand f\u00fchlt sich die Rinde leicht wachsartig an. Der Name kommt von seiner leuchtend gelben Farbe, die der des Kanarienvogels \u00e4hnelt.<\/p>\n","protected":false},"excerpt":{"rendered":"<p>Die Gelbe Melone (Cucumis melo) Kanarienvogel ,oder Wintermelone ist eine gro\u00dfe, l\u00e4ngliche, leuchtend gelbe Melone mit einem hellgr\u00fcnen bis wei\u00dfen inneren Fruchtfleisch.<\/p>\n","protected":false},"featured_media":2393,"template":"","meta":[],"product_cat":[127],"product_tag":[],"class_list":{"0":"post-3373","1":"product","2":"type-product","3":"status-publish","4":"has-post-thumbnail","6":"product_cat-melonen","8":"first","9":"onbackorder","10":"shipping-taxable","11":"product-type-simple"},"_links":{"self":[{"href":"https:\/\/elmonarca.es\/de\/wp-json\/wp\/v2\/product\/3373","targetHints":{"allow":["GET"]}}],"collection":[{"href":"https:\/\/elmonarca.es\/de\/wp-json\/wp\/v2\/product"}],"about":[{"href":"https:\/\/elmonarca.es\/de\/wp-json\/wp\/v2\/types\/product"}],"wp:featuredmedia":[{"embeddable":true,"href":"https:\/\/elmonarca.es\/de\/wp-json\/wp\/v2\/media\/2393"}],"wp:attachment":[{"href":"https:\/\/elmonarca.es\/de\/wp-json\/wp\/v2\/media?parent=3373"}],"wp:term":[{"taxonomy":"product_cat","embeddable":true,"href":"https:\/\/elmonarca.es\/de\/wp-json\/wp\/v2\/product_cat?post=3373"},{"taxonomy":"product_tag","embeddable":true,"href":"https:\/\/elmonarca.es\/de\/wp-json\/wp\/v2\/product_tag?post=3373"}],"curies":[{"name":"wp","href":"https:\/\/api.w.org\/{rel}","templated":true}]}}