{"id":3378,"date":"2021-10-25T10:24:36","date_gmt":"2021-10-25T10:24:36","guid":{"rendered":"https:\/\/elmonarca.es\/producto\/krotenhaut-melone\/"},"modified":"2021-10-25T10:24:36","modified_gmt":"2021-10-25T10:24:36","slug":"krotenhaut-melone","status":"publish","type":"product","link":"https:\/\/elmonarca.es\/de\/producto\/krotenhaut-melone\/","title":{"rendered":"Kr\u00f6tenhaut Melone"},"content":{"rendered":"<p>Die Kr\u00f6tenhaut Melone ist eine in Spanien heimische Melonensorte, die etwa 30 cm gro\u00df wird. l\u00e4nglich und eif\u00f6rmig Es hat eine dicke \u00e4u\u00dfere Rinde mit gr\u00fcnen Streifen und ein hellgr\u00fcnes bis wei\u00dfes inneres Fruchtfleisch mit einem milden Melonengeschmack und einer honigtau \u00e4hnlichen S\u00fc\u00dfe.<\/p>\n","protected":false},"excerpt":{"rendered":"<p>Die Kr\u00f6tenhaut Melone ist eine in Spanien heimische Melonensorte, die etwa 30 cm gro\u00df wird<\/p>\n","protected":false},"featured_media":2390,"template":"","meta":[],"product_cat":[127],"product_tag":[],"class_list":{"0":"post-3378","1":"product","2":"type-product","3":"status-publish","4":"has-post-thumbnail","6":"product_cat-melonen","8":"first","9":"onbackorder","10":"shipping-taxable","11":"product-type-simple"},"_links":{"self":[{"href":"https:\/\/elmonarca.es\/de\/wp-json\/wp\/v2\/product\/3378","targetHints":{"allow":["GET"]}}],"collection":[{"href":"https:\/\/elmonarca.es\/de\/wp-json\/wp\/v2\/product"}],"about":[{"href":"https:\/\/elmonarca.es\/de\/wp-json\/wp\/v2\/types\/product"}],"wp:featuredmedia":[{"embeddable":true,"href":"https:\/\/elmonarca.es\/de\/wp-json\/wp\/v2\/media\/2390"}],"wp:attachment":[{"href":"https:\/\/elmonarca.es\/de\/wp-json\/wp\/v2\/media?parent=3378"}],"wp:term":[{"taxonomy":"product_cat","embeddable":true,"href":"https:\/\/elmonarca.es\/de\/wp-json\/wp\/v2\/product_cat?post=3378"},{"taxonomy":"product_tag","embeddable":true,"href":"https:\/\/elmonarca.es\/de\/wp-json\/wp\/v2\/product_tag?post=3378"}],"curies":[{"name":"wp","href":"https:\/\/api.w.org\/{rel}","templated":true}]}}