{"id":2885,"date":"2021-12-03T12:19:19","date_gmt":"2021-12-03T12:19:19","guid":{"rendered":"https:\/\/elmonarca.es\/commitment-to-society\/"},"modified":"2022-09-15T12:03:29","modified_gmt":"2022-09-15T12:03:29","slug":"commitment-to-society","status":"publish","type":"page","link":"https:\/\/elmonarca.es\/en\/commitment-to-society\/","title":{"rendered":"Commitment to Society"},"content":{"rendered":"<div class=\"wpb-content-wrapper\"><p>[vc_row css=&#8221;.vc_custom_1635939578234{margin-bottom: 100px !important;}&#8221;][vc_column][vc_column_text]<\/p>\n<h4 style=\"text-align: center; font-weight: 300;\" data-mce-style=\"text-align: center; font-weight: 300;\">At El Monarca we know the importance of Corporate Social Responsibility (CSR), and that is why we collaborate with different foundations and projects of a social nature<\/h4>\n<p style=\"text-align: center;\" data-mce-style=\"text-align: center;\"><span style=\"color: #696969; font-family: Playfair Display; font-style: italic; font-weight: 400; font-size: 18px;\" data-mce-style=\"color: #696969; font-family: Playfair Display; font-style: italic; font-weight: 400; font-size: 18px;\">Fruits and vegetables El Monarca, committed to what is ours<\/span><\/p>\n<p>[\/vc_column_text][\/vc_column][\/vc_row][vc_section][vc_row css=&#8221;.vc_custom_1636030547523{margin-bottom: 75px !important;}&#8221;][vc_column][vc_column_text]<\/p>\n<h2 style=\"text-align: center; font-size: 48px; letter-spacing: 0.1em; color: #527807; font-weight: 300; line-height: 1.2;\" data-mce-style=\"text-align: center; font-size: 48px; letter-spacing: 0.1em; color: #527807; font-weight: 300; line-height: 1.2;\">COMMITMENT TO<br \/>PEOPLE WITH DOWN SYNDROME<\/h2>\n<p>[\/vc_column_text][\/vc_column][\/vc_row][vc_row css=&#8221;.vc_custom_1635940010292{margin-bottom: 25px !important;}&#8221;][vc_column]<\/p>\n<p>[insight_title uppercase=&#8221;yes&#8221; font_family=&#8221;secondary&#8221; font_weight=&#8221;300&#8243; background_icon=&#8221;yes&#8221; separator_line=&#8221;yes&#8221; align=&#8221;text-left&#8221; title=&#8221;Solidarity Melon Down&#8221; el_class=&#8221;.verde-sub&#8221;]<\/p>\n<p>[\/vc_column][\/vc_row][vc_row][vc_column width=&#8221;1\/2&#8243; css=&#8221;.vc_custom_1635939982123{margin-top: 50px !important;}&#8221;][vc_column_text]<\/p>\n<p class=\"Textbody\">In collaboration with <strong>Assido<\/strong> , since 2002 we have been offering the opportunity to buy <strong>Mel\u00f3n Solidario<\/strong> . With the purchase of this melon, it has collaborated with projects such as <strong>RESSIDO<\/strong> , which is based on <strong>provide quality of life and employment social services to people with Down syndrome<\/strong>, through the construction of leisure centers and a residence that, 365 days a year, houses people over 40 with disabilities, thus improving their quality of life.<\/p>\n<p class=\"Textbody\">Since 2017, Mel\u00f3n Solidario has been made <strong>in collaboration with Down Espa\u00f1a and El Corte Ingl\u00e9s<\/strong> . Melon can be purchased from May to October at <strong>Grupo El Corte Ingl\u00e9s<\/strong> stores (Supermercado, Hipercor and Supercor), both in physical stores and <a href=\"https:\/\/www.elcorteingles.es\/supermercado\/0110118102100494-melon-piel-de-sapo-solidario-pieza-3-kg-peso-aproximado\/\" data-mce-href=\"https:\/\/www.elcorteingles.es\/supermercado\/0110118102100494-melon-piel-de-sapo-solidario-pieza-3-kg-peso-aproximado\/\"><span style=\"color: windowtext; text-decoration: none; text-underline: none;\" data-mce-style=\"color: windowtext; text-decoration: none; text-underline: none;\">online<\/span><\/a> .<\/p>\n<p>[\/vc_column_text][\/vc_column][vc_column width=&#8221;1\/2&#8243;][vc_single_image image=&#8221;1361&#8243; img_size=&#8221;large&#8221;][\/vc_column][\/vc_row][vc_row css=&#8221;.vc_custom_1635940010292{margin-bottom: 25px !important;}&#8221;][vc_column]<\/p>\n<p>[insight_title uppercase=&#8221;yes&#8221; font_family=&#8221;secondary&#8221; font_weight=&#8221;300&#8243; background_icon=&#8221;yes&#8221; separator_line=&#8221;yes&#8221; align=&#8221;text-right&#8221; title=&#8221;Solidarity Watermelon DOWN&#8221; el_class=&#8221;.verde-sub&#8221;]<\/p>\n<p>[\/vc_column][\/vc_row][vc_row][vc_column width=&#8221;1\/2&#8243; css=&#8221;.vc_custom_1635939982123{margin-top: 50px !important;}&#8221;][vc_single_image image=&#8221;1362&#8243; img_size=&#8221;large&#8221;][\/vc_column][vc_column width=&#8221;1\/2&#8243;][vc_column_text]<\/p>\n<p class=\"Textbody\"><strong>Since 2018<\/strong> , in addition to the Solidarity Melon, you can buy the <strong>Solidarity Watermelon<\/strong> , also <strong>for the benefit of Down Spain<\/strong> and which can be purchased <strong>in the stores of the El Corte Ingl\u00e9s Group<\/strong> (Supermercado, Hipercor and Supercor). Like melon, <a href=\"https:\/\/www.elcorteingles.es\/supermercado\/0110118102100510-el-monarca-sandia-sin-pepita-solidaria-pieza-35-kg-peso-aproximado\/\" data-mce-href=\"https:\/\/www.elcorteingles.es\/supermercado\/0110118102100510-el-monarca-sandia-sin-pepita-solidaria-pieza-35-kg-peso-aproximado\/\"><span style=\"color: windowtext; text-decoration: none; text-underline: none;\" data-mce-style=\"color: windowtext; text-decoration: none; text-underline: none;\">it can be purchased online<\/span><\/a> on the group&#8217;s websites.<\/p>\n<p>[\/vc_column_text][\/vc_column][\/vc_row][vc_row css=&#8221;.vc_custom_1635940010292{margin-bottom: 25px !important;}&#8221;][vc_column]<\/p>\n<p>[insight_title uppercase=&#8221;yes&#8221; font_family=&#8221;secondary&#8221; font_weight=&#8221;300&#8243; background_icon=&#8221;yes&#8221; separator_line=&#8221;yes&#8221; align=&#8221;text-left&#8221; title=&#8221;Solidarity Artichoke DOWN&#8221; el_class=&#8221;.verde-sub&#8221;]<\/p>\n<p>[\/vc_column][\/vc_row][vc_row][vc_column width=&#8221;1\/2&#8243; css=&#8221;.vc_custom_1635939982123{margin-top: 50px !important;}&#8221;][vc_column_text]<\/p>\n<p class=\"Textbody\">After the success of the solidarity melon campaign 2017, we have commercialized a new product for the months of November to March. Like melon, <strong>it can be purchased at Grupo El Corte Ingl\u00e9s stores<\/strong> (Supermercado, Hipercor and Supercor), both in physical stores and online. <strong>Thanks to the alcahofa, you can buy solidarity products in favor of Down Spain throughout the year<\/strong> .<\/p>\n<p>[\/vc_column_text][\/vc_column][vc_column width=&#8221;1\/2&#8243;][vc_single_image image=&#8221;1363&#8243; img_size=&#8221;large&#8221;][\/vc_column][\/vc_row][vc_row css=&#8221;.vc_custom_1635940010292{margin-bottom: 25px !important;}&#8221;][vc_column]<\/p>\n<p>[insight_title uppercase=&#8221;yes&#8221; font_family=&#8221;secondary&#8221; font_weight=&#8221;300&#8243; background_icon=&#8221;yes&#8221; separator_line=&#8221;yes&#8221; align=&#8221;text-left&#8221; title=&#8221;COMMITTED AGAINST BREAST CANCER&#8221; el_class=&#8221;.verde-sub&#8221;]<\/p>\n<p>[\/vc_column][\/vc_row][vc_row][vc_column width=&#8221;1\/2&#8243; css=&#8221;.vc_custom_1663242571826{margin-top: 0px !important;}&#8221;][vc_single_image image=&#8221;3807&#8243; img_size=&#8221;large&#8221;][\/vc_column][vc_column width=&#8221;1\/2&#8243;][vc_column_text]<\/p>\n<p class=\"Textbody\">In 2018 we created the solidarity project <strong>Un Mar de Vida<\/strong>, made in a container created especially for this product, a melon box in the color that represents <strong>the fight against breast cancer<\/strong>, pink.<br \/>The profit from these melons goes to the <strong>Flamenco Rosa Sports Association<\/strong>, made up entirely of women who have overcome breast cancer, and who make up the <strong>Dragon Boat Flamenco Rosa<\/strong> BS rowing team, the first in Spain in this BCS rowing modality ( Breast Cancer Survivors, Breast Cancer Survivors)<\/p>\n<p>[\/vc_column_text][\/vc_column][\/vc_row][\/vc_section]<\/p>\n<\/div>","protected":false},"excerpt":{"rendered":"<p>[vc_row css=&#8221;.vc_custom_1635939578234{margin-bottom: 100px !important;}&#8221;][vc_column][vc_column_text] At El Monarca we know the importance of Corporate Social Responsibility (CSR), and that is why we collaborate with different foundations and projects of a social nature Fruits and vegetables El Monarca, committed to what is ours [\/vc_column_text][\/vc_column][\/vc_row][vc_section][vc_row css=&#8221;.vc_custom_1636030547523{margin-bottom: 75px !important;}&#8221;][vc_column][vc_column_text] COMMITMENT TOPEOPLE WITH DOWN SYNDROME [\/vc_column_text][\/vc_column][\/vc_row][vc_row css=&#8221;.vc_custom_1635940010292{margin-bottom: 25px !important;}&#8221;][vc_column] [insight_title&#8230;<\/p>\n","protected":false},"author":1,"featured_media":0,"parent":0,"menu_order":0,"comment_status":"closed","ping_status":"closed","template":"","meta":{"footnotes":""},"class_list":["post-2885","page","type-page","status-publish","hentry"],"_links":{"self":[{"href":"https:\/\/elmonarca.es\/en\/wp-json\/wp\/v2\/pages\/2885","targetHints":{"allow":["GET"]}}],"collection":[{"href":"https:\/\/elmonarca.es\/en\/wp-json\/wp\/v2\/pages"}],"about":[{"href":"https:\/\/elmonarca.es\/en\/wp-json\/wp\/v2\/types\/page"}],"author":[{"embeddable":true,"href":"https:\/\/elmonarca.es\/en\/wp-json\/wp\/v2\/users\/1"}],"replies":[{"embeddable":true,"href":"https:\/\/elmonarca.es\/en\/wp-json\/wp\/v2\/comments?post=2885"}],"version-history":[{"count":13,"href":"https:\/\/elmonarca.es\/en\/wp-json\/wp\/v2\/pages\/2885\/revisions"}],"predecessor-version":[{"id":3839,"href":"https:\/\/elmonarca.es\/en\/wp-json\/wp\/v2\/pages\/2885\/revisions\/3839"}],"wp:attachment":[{"href":"https:\/\/elmonarca.es\/en\/wp-json\/wp\/v2\/media?parent=2885"}],"curies":[{"name":"wp","href":"https:\/\/api.w.org\/{rel}","templated":true}]}}