{"id":2643,"date":"2021-12-03T12:18:17","date_gmt":"2021-12-03T12:18:17","guid":{"rendered":"https:\/\/elmonarca.es\/page-de-contact\/"},"modified":"2022-03-07T09:50:24","modified_gmt":"2022-03-07T09:50:24","slug":"page-de-contact","status":"publish","type":"page","link":"https:\/\/elmonarca.es\/fr\/page-de-contact\/","title":{"rendered":"Page de contact"},"content":{"rendered":"<div class=\"wpb-content-wrapper\"><p>[vc_row full_width=&#8221;stretch_row&#8221; css=&#8221;.vc_custom_1476955293163{padding-bottom: 100px !important;background-image: url(http:\/\/vietcao.local\/organie-pri\/wp-content\/uploads\/2016\/10\/contact2-bg.jpg?id=180) !important;background-position: center !important;background-repeat: no-repeat !important;background-size: cover !important;}&#8221;][vc_column width=&#8221;1\/2&#8243;][vc_single_image image=&#8221;1669&#8243; img_size=&#8221;full&#8221; show_border=&#8221;yes&#8221;][\/vc_column][vc_column width=&#8221;1\/2&#8243;][vc_column_text el_class=&#8221;.titulo-lato&#8221; el_id=&#8221;traducido&#8221;]<\/p>\n<div class=\"text-left insight-title has-bg font-secondary font-40 ofw-900 ofs-normal\" style=\"text-align: left;\">\n<h2 class=\"main-title titulo-lato\">NOUS SOMMES EN CONTACT<\/h2>\n<\/div>\n<p>[\/vc_column_text][vc_custom_heading text=&#8221;Nous sommes une r\u00e9f\u00e9rence dans l&#8217;exportation de melons Piel de Sapo. Nous produisons \u00e9galement d&#8217;autres fruits et l\u00e9gumes tels que le melon jaune, la past\u00e8que et l&#8217;artichaut.&#8221; font_container=&#8221;tag:div|font_size:18px|text_align:left|color:%238eb35a|line_height:1.6em&#8221; use_theme_fonts=&#8221;&#8221; google_fonts=&#8221;font_family:Playfair%20Display%3Aregular%2Citalic%2C700%2C700italic%2C900%2C900italic|font_style:400%20italic%3A400%3Aitalic&#8221; font_weight=&#8221;&#8221; letter_spacing=&#8221;.05em&#8221; css=&#8221;.vc_custom_1635327692284{margin-top: 10px !important;margin-bottom: 60px !important;}&#8221;][vc_row_inner][vc_column_inner width=&#8221;1\/2&#8243;][insight_icon_boxes display_icon=&#8221;&#8221; icon_lib=&#8221;fontawesome&#8221; icon_fontawesome=&#8221;&#8221; element_tag=&#8221;&#8221; title=&#8221;Adresse&#8221; css=&#8221;.vc_custom_1635327767749{padding-bottom: 30px !important;}&#8221;]Paraje Los P\u00e9rez, n\u00ba 4, Balsapintada,<br \/>\n30332 FUENTE \u00c1LAMO | Murcia[\/insight_icon_boxes][insight_icon_boxes display_icon=&#8221;&#8221; icon_lib=&#8221;fontawesome&#8221; icon_fontawesome=&#8221;&#8221; element_tag=&#8221;&#8221; title=&#8221;Email&#8221; css=&#8221;.vc_custom_1635327831425{padding-bottom: 30px !important;}&#8221;]elmonarca@elmonarca.prueba<br \/>\ninfo@elmonarca.prueba[\/insight_icon_boxes][\/vc_column_inner][vc_column_inner width=&#8221;1\/2&#8243;][insight_icon_boxes display_icon=&#8221;&#8221; icon_lib=&#8221;fontawesome&#8221; icon_fontawesome=&#8221;&#8221; element_tag=&#8221;&#8221; title=&#8221;T\u00e9l\u00e9phone&#8221; css=&#8221;.vc_custom_1635327879783{padding-bottom: 30px !important;}&#8221;]Portable : (+34) &#8211; 615 258 224[\/insight_icon_boxes] [insight_icon_boxes display_icon=&#8221;&#8221; icon_lib=&#8221;fontawesome&#8221; icon_fontawesome=&#8221;&#8221; element_tag=&#8221;&#8221; title=&#8221;Horaires d&#8217;ouvertures&#8221; css=&#8221;.vc_custom_1635327985554{padding-bottom: 30px !important;}&#8221;]Du lundi au vendredi : 8h00 &#8211; 22h00<br \/>\nSamedi: 8:00 &#8211; 15:00<br \/>\nDimanche: Cerrado[\/insight_icon_boxes][\/vc_column_inner][\/vc_row_inner][\/vc_column][\/vc_row][vc_row][vc_column][vc_column_text]<\/p>\n<h2><strong>Trouve nous<\/strong><\/h2>\n<p>[\/vc_column_text][\/vc_column][\/vc_row][vc_row full_width=&#8221;stretch_row_content_no_spaces&#8221; css=&#8221;.vc_custom_1476947927984{margin-bottom: 100px !important;}&#8221;][vc_column css=&#8221;.vc_custom_1476955411902{margin-top: 0px !important;padding-top: 0px !important;}&#8221;][vc_gmaps link=&#8221;#E-8_JTNDaWZyYW1lJTIwc3JjJTNEJTIyaHR0cHMlM0ElMkYlMkZ3d3cuZ29vZ2xlLmNvbSUyRm1hcHMlMkZlbWJlZCUzRnBiJTNEJTIxMW0xOCUyMTFtMTIlMjExbTMlMjExZDMxNTQuMzY0Mjk1OTYzNDEyNiUyMTJkLTEuMTAyMzc0NTEwNTQzMTY4NiUyMTNkMzcuNzU4MDU1NDQxODgxNTQ1JTIxMm0zJTIxMWYwJTIxMmYwJTIxM2YwJTIxM20yJTIxMWkxMDI0JTIxMmk3NjglMjE0ZjEzLjElMjEzbTMlMjExbTIlMjExczB4ZDYzNjVkY2I3OTY3NTBmJTI1M0EweDk0NTNjYzg0NzlhNjNmOWIlMjEyc0ZydXRhcyUyNTIweSUyNTIwVmVyZHVyYXMlMjUyMEVsJTI1MjBNb25hcmNhJTI1MjAtJTI1MjBNZWxvbmVzJTI1MjBFbCUyNTIwTW9uYXJjYSUyNTIwLSUyNTIwTWVsJTI1QzMlMjVCM24lMjUyMFBpZWwlMjUyMGRlJTI1MjBTYXBvJTIxNWUwJTIxM20yJTIxMXNlcyUyMTJzZXMlMjE0djE2MzUzMjE3MjU4MTIlMjE1bTIlMjExc2VzJTIxMnNlcyUyMiUyMHdpZHRoJTNEJTIyMTkyMCUyMiUyMGhlaWdodCUzRCUyMjYwMCUyMiUyMHN0eWxlJTNEJTIyYm9yZGVyJTNBMCUzQiUyMiUyMGFsbG93ZnVsbHNjcmVlbiUzRCUyMiUyMiUyMGxvYWRpbmclM0QlMjJsYXp5JTIyJTNFJTNDJTJGaWZyYW1lJTNF&#8221; size=&#8221;480&#8243;][\/vc_column][\/vc_row][vc_row el_class=&#8221;text-center&#8221;][vc_column offset=&#8221;vc_col-lg-offset-2 vc_col-lg-8 vc_col-md-offset-0 vc_col-md-12&#8243;][vc_column_text]<\/p>\n<div class=\"vc_custom_1635323522806 text-center insight-title has-bg text-uppercase font-primary font-40 ofw-900 ofs-normal\">\n<h2 class=\"main-title\">AS-TU UN DOUTE?<\/h2>\n<div class=\"sub-title primary-color\">-Remplissez ce formulaire et nous le r\u00e9soudrons pour vous-<\/div>\n<\/div>\n<p>[\/vc_column_text][vc_empty_space height=&#8221;40px&#8221;]\n<div class=\"wpcf7 no-js\" id=\"wpcf7-f3186-o1\" lang=\"fr-FR\" dir=\"ltr\">\n<div class=\"screen-reader-response\"><p role=\"status\" aria-live=\"polite\" aria-atomic=\"true\"><\/p> <ul><\/ul><\/div>\n<form action=\"\/fr\/wp-json\/wp\/v2\/pages\/2643#wpcf7-f3186-o1\" method=\"post\" class=\"wpcf7-form init demo\" aria-label=\"Contact form\" novalidate=\"novalidate\" data-status=\"init\">\n<div style=\"display: none;\">\n<input type=\"hidden\" name=\"_wpcf7\" value=\"3186\" \/>\n<input type=\"hidden\" name=\"_wpcf7_version\" value=\"5.8.7\" \/>\n<input type=\"hidden\" name=\"_wpcf7_locale\" value=\"fr_FR\" \/>\n<input type=\"hidden\" name=\"_wpcf7_unit_tag\" value=\"wpcf7-f3186-o1\" \/>\n<input type=\"hidden\" name=\"_wpcf7_container_post\" value=\"0\" \/>\n<input type=\"hidden\" name=\"_wpcf7_posted_data_hash\" value=\"\" \/>\n<input type=\"hidden\" name=\"_wpcf7_recaptcha_response\" value=\"\" \/>\n<\/div>\n<div class=\"row\">\n\t<div class=\"col-md-4 padding-right-half\">\n\t\t<p><span class=\"wpcf7-form-control-wrap\" data-name=\"tu-nombre\"><input size=\"40\" class=\"wpcf7-form-control wpcf7-text wpcf7-validates-as-required\" aria-required=\"true\" aria-invalid=\"false\" placeholder=\"Nom\" value=\"\" type=\"text\" name=\"tu-nombre\" \/><\/span>\n\t\t<\/p>\n\t<\/div>\n\t<div class=\"col-md-4\">\n\t\t<p><span class=\"wpcf7-form-control-wrap\" data-name=\"tu-asunto\"><input size=\"40\" class=\"wpcf7-form-control wpcf7-text\" aria-invalid=\"false\" placeholder=\"Sujet\" value=\"\" type=\"text\" name=\"tu-asunto\" \/><\/span>\n\t\t<\/p>\n\t<\/div>\n\t<div class=\"col-md-4 padding-left-half\">\n\t\t<p><span class=\"wpcf7-form-control-wrap\" data-name=\"tu-email\"><input size=\"40\" class=\"wpcf7-form-control wpcf7-email wpcf7-validates-as-required wpcf7-text wpcf7-validates-as-email\" aria-required=\"true\" aria-invalid=\"false\" placeholder=\"e-mail\" value=\"\" type=\"email\" name=\"tu-email\" \/><\/span>\n\t\t<\/p>\n\t<\/div>\n<\/div>\n<div class=\"row\">\n\t<div class=\"col-md-12\">\n\t\t<p><span class=\"wpcf7-form-control-wrap\" data-name=\"tu-mensaje\"><textarea cols=\"40\" rows=\"10\" class=\"wpcf7-form-control wpcf7-textarea wpcf7-validates-as-required\" aria-required=\"true\" aria-invalid=\"false\" placeholder=\"Message\" name=\"tu-mensaje\"><\/textarea><\/span>\n\t\t<\/p>\n\t<\/div>\n<\/div>\n<div class=\"row submit-container\">\n\t<div class=\"col-md-12\">\n\t\t<p><input class=\"wpcf7-form-control wpcf7-submit has-spinner btn btn-border-black\" type=\"submit\" value=\"ENVOYEZ VOTRE DEMANDE\" \/>\n\t\t<\/p>\n\t<\/div>\n<\/div><div class=\"wpcf7-response-output\" aria-hidden=\"true\"><\/div>\n<\/form>\n<\/div>\n[\/vc_column][\/vc_row]<\/p>\n<\/div>","protected":false},"excerpt":{"rendered":"<p>[vc_row full_width=&#8221;stretch_row&#8221; css=&#8221;.vc_custom_1476955293163{padding-bottom: 100px !important;background-image: url(http:\/\/vietcao.local\/organie-pri\/wp-content\/uploads\/2016\/10\/contact2-bg.jpg?id=180) !important;background-position: center !important;background-repeat: no-repeat !important;background-size: cover !important;}&#8221;][vc_column width=&#8221;1\/2&#8243;][vc_single_image image=&#8221;1669&#8243; img_size=&#8221;full&#8221; show_border=&#8221;yes&#8221;][\/vc_column][vc_column width=&#8221;1\/2&#8243;][vc_column_text el_class=&#8221;.titulo-lato&#8221; el_id=&#8221;traducido&#8221;] NOUS SOMMES EN CONTACT [\/vc_column_text][vc_custom_heading text=&#8221;Nous sommes une r\u00e9f\u00e9rence dans l&#8217;exportation de melons Piel de Sapo. Nous produisons \u00e9galement d&#8217;autres fruits et l\u00e9gumes tels que le melon jaune, la past\u00e8que et l&#8217;artichaut.&#8221; font_container=&#8221;tag:div|font_size:18px|text_align:left|color:%238eb35a|line_height:1.6em&#8221; use_theme_fonts=&#8221;&#8221; google_fonts=&#8221;font_family:Playfair%20Display%3Aregular%2Citalic%2C700%2C700italic%2C900%2C900italic|font_style:400%20italic%3A400%3Aitalic&#8221;&#8230;<\/p>\n","protected":false},"author":1,"featured_media":0,"parent":0,"menu_order":0,"comment_status":"closed","ping_status":"closed","template":"","meta":{"footnotes":""},"class_list":["post-2643","page","type-page","status-publish","hentry"],"_links":{"self":[{"href":"https:\/\/elmonarca.es\/fr\/wp-json\/wp\/v2\/pages\/2643","targetHints":{"allow":["GET"]}}],"collection":[{"href":"https:\/\/elmonarca.es\/fr\/wp-json\/wp\/v2\/pages"}],"about":[{"href":"https:\/\/elmonarca.es\/fr\/wp-json\/wp\/v2\/types\/page"}],"author":[{"embeddable":true,"href":"https:\/\/elmonarca.es\/fr\/wp-json\/wp\/v2\/users\/1"}],"replies":[{"embeddable":true,"href":"https:\/\/elmonarca.es\/fr\/wp-json\/wp\/v2\/comments?post=2643"}],"version-history":[{"count":25,"href":"https:\/\/elmonarca.es\/fr\/wp-json\/wp\/v2\/pages\/2643\/revisions"}],"predecessor-version":[{"id":3722,"href":"https:\/\/elmonarca.es\/fr\/wp-json\/wp\/v2\/pages\/2643\/revisions\/3722"}],"wp:attachment":[{"href":"https:\/\/elmonarca.es\/fr\/wp-json\/wp\/v2\/media?parent=2643"}],"curies":[{"name":"wp","href":"https:\/\/api.w.org\/{rel}","templated":true}]}}