{"id":2764,"date":"2021-12-03T12:19:01","date_gmt":"2021-12-03T12:19:01","guid":{"rendered":"https:\/\/elmonarca.es\/reseaux-sociaux\/"},"modified":"2021-12-03T12:19:02","modified_gmt":"2021-12-03T12:19:02","slug":"reseaux-sociaux","status":"publish","type":"page","link":"https:\/\/elmonarca.es\/fr\/reseaux-sociaux\/","title":{"rendered":"R\u00e9seaux sociaux"},"content":{"rendered":"<div class=\"wpb-content-wrapper\"><p>[vc_row][vc_column width=&#8221;1\/6&#8243;][\/vc_column][vc_column width=&#8221;2\/3&#8243;][vc_column_text css=&#8221;.vc_custom_1635934716202{margin-top: 50px !important;}&#8221;]<\/p>\n<h2 style=\"text-align: center;\">Nous sommes dans les r\u00e9seaux sociaux<\/h2>\n<p style=\"text-align: center;\"><strong>Gr\u00e2ce \u00e0 eux, nous pouvons \u00e9tablir de nouveaux canaux de relation et de communication avec nos clients.<\/strong><\/p>\n<p style=\"text-align: center;\">Tout le contenu que nous y publions fait d\u00e9j\u00e0 partie de notre quotidien de citoyen et est peut-\u00eatre le moyen le plus r\u00e9pandu d&#8217;entrer en contact les uns avec les autres. Chez El Monarca, nous voulons que ce soit une partie fondamentale de votre exp\u00e9rience avec nous et ainsi \u00e9tablir un canal de communication fondamental et direct.<\/p>\n<p>[\/vc_column_text][\/vc_column][vc_column width=&#8221;1\/6&#8243;][\/vc_column][\/vc_row][vc_row css=&#8221;.vc_custom_1635934564799{margin-top: 50px !important;margin-bottom: 50px !important;}&#8221;][vc_column width=&#8221;1\/5&#8243;][insight_icon_boxes style=&#8221;icon_on_top_2&#8243; icon_type=&#8221;custom&#8221; element_tag=&#8221;h2&#8243; title=&#8221;Facebook&#8221; custom_icon=&#8221;1332&#8243;][\/insight_icon_boxes][vc_separator css=&#8221;.vc_custom_1635933583560{margin-top: 15px !important;}&#8221;][vc_column_text css_animation=&#8221;fadeInUp&#8221; css=&#8221;.vc_custom_1636044485663{margin-top: 0px !important;}&#8221;]<\/p>\n<h6 style=\"text-align: center;\"><a href=\"https:\/\/es-es.facebook.com\/meloneselmonarca\/\" target=\"_blank\" rel=\"noopener\">VISITE<\/a><\/h6>\n<p>[\/vc_column_text][\/vc_column][vc_column width=&#8221;1\/5&#8243;][insight_icon_boxes style=&#8221;icon_on_top_2&#8243; icon_type=&#8221;custom&#8221; element_tag=&#8221;h2&#8243; title=&#8221;Twitter&#8221; custom_icon=&#8221;1334&#8243;][\/insight_icon_boxes][vc_separator css=&#8221;.vc_custom_1635933583560{margin-top: 15px !important;}&#8221;][vc_column_text css_animation=&#8221;fadeInUp&#8221; css=&#8221;.vc_custom_1636044539413{margin-top: 0px !important;}&#8221;]<\/p>\n<h6 style=\"text-align: center;\"><a href=\"https:\/\/twitter.com\/elmonarcamelons?lang=es\" target=\"_blank\" rel=\"noopener\">VISITE<\/a><\/h6>\n<p>[\/vc_column_text][\/vc_column][vc_column width=&#8221;1\/5&#8243;][insight_icon_boxes style=&#8221;icon_on_top_2&#8243; icon_type=&#8221;custom&#8221; element_tag=&#8221;h2&#8243; title=&#8221;Instagram&#8221; custom_icon=&#8221;1333&#8243; link=&#8221;url:https%3A%2F%2Fwww.instagram.com%2Fmeloneselmonarca&#8221;][\/insight_icon_boxes][vc_separator css=&#8221;.vc_custom_1635933583560{margin-top: 15px !important;}&#8221;][vc_column_text css_animation=&#8221;fadeInUp&#8221; css=&#8221;.vc_custom_1635933837155{margin-top: 0px !important;}&#8221;]<\/p>\n<h6 style=\"text-align: center;\"><a href=\"https:\/\/www.instagram.com\/meloneselmonarca\" target=\"_blank\" rel=\"noopener\">VISITE<\/a><\/h6>\n<p>[\/vc_column_text][\/vc_column][vc_column width=&#8221;1\/5&#8243;][insight_icon_boxes style=&#8221;icon_on_top_2&#8243; icon_type=&#8221;custom&#8221; element_tag=&#8221;h2&#8243; title=&#8221;Pinterest&#8221; custom_icon=&#8221;1330&#8243;][\/insight_icon_boxes][vc_separator css=&#8221;.vc_custom_1635933583560{margin-top: 15px !important;}&#8221;][vc_column_text css_animation=&#8221;fadeInUp&#8221; css=&#8221;.vc_custom_1636044561116{margin-top: 0px !important;}&#8221;]<\/p>\n<h6 style=\"text-align: center;\"><a href=\"https:\/\/www.pinterest.es\/melonselmonarca\" target=\"_blank\" rel=\"noopener\">VISITE<\/a><\/h6>\n<p>[\/vc_column_text][\/vc_column][vc_column width=&#8221;1\/5&#8243;][insight_icon_boxes style=&#8221;icon_on_top_2&#8243; icon_type=&#8221;custom&#8221; element_tag=&#8221;h2&#8243; title=&#8221;YouTube&#8221; custom_icon=&#8221;1331&#8243;][\/insight_icon_boxes][vc_separator css=&#8221;.vc_custom_1635933583560{margin-top: 15px !important;}&#8221;][vc_column_text css_animation=&#8221;fadeInUp&#8221; css=&#8221;.vc_custom_1635934154027{margin-top: 0px !important;}&#8221;]<\/p>\n<h6 style=\"text-align: center;\"><a href=\"https:\/\/www.youtube.com\/c\/MelonesElMonarca\" target=\"_blank\" rel=\"noopener\">VISITE<\/a><\/h6>\n<p>[\/vc_column_text][\/vc_column][\/vc_row][vc_row css=&#8221;.vc_custom_1635933042964{margin-bottom: 0px !important;}&#8221;][vc_column][vc_single_image image=&#8221;1329&#8243; img_size=&#8221;full&#8221; alignment=&#8221;center&#8221; css=&#8221;.vc_custom_1635933077099{margin-bottom: 0px !important;}&#8221;][\/vc_column][\/vc_row]<\/p>\n<\/div>","protected":false},"excerpt":{"rendered":"<p>[vc_row][vc_column width=&#8221;1\/6&#8243;][\/vc_column][vc_column width=&#8221;2\/3&#8243;][vc_column_text css=&#8221;.vc_custom_1635934716202{margin-top: 50px !important;}&#8221;] Nous sommes dans les r\u00e9seaux sociaux Gr\u00e2ce \u00e0 eux, nous pouvons \u00e9tablir de nouveaux canaux de relation et de communication avec nos clients. Tout le contenu que nous y publions fait d\u00e9j\u00e0 partie de notre quotidien de citoyen et est peut-\u00eatre le moyen le plus r\u00e9pandu d&#8217;entrer en contact&#8230;<\/p>\n","protected":false},"author":1,"featured_media":0,"parent":0,"menu_order":0,"comment_status":"closed","ping_status":"closed","template":"","meta":{"footnotes":""},"class_list":["post-2764","page","type-page","status-publish","hentry"],"_links":{"self":[{"href":"https:\/\/elmonarca.es\/fr\/wp-json\/wp\/v2\/pages\/2764","targetHints":{"allow":["GET"]}}],"collection":[{"href":"https:\/\/elmonarca.es\/fr\/wp-json\/wp\/v2\/pages"}],"about":[{"href":"https:\/\/elmonarca.es\/fr\/wp-json\/wp\/v2\/types\/page"}],"author":[{"embeddable":true,"href":"https:\/\/elmonarca.es\/fr\/wp-json\/wp\/v2\/users\/1"}],"replies":[{"embeddable":true,"href":"https:\/\/elmonarca.es\/fr\/wp-json\/wp\/v2\/comments?post=2764"}],"version-history":[{"count":3,"href":"https:\/\/elmonarca.es\/fr\/wp-json\/wp\/v2\/pages\/2764\/revisions"}],"predecessor-version":[{"id":2767,"href":"https:\/\/elmonarca.es\/fr\/wp-json\/wp\/v2\/pages\/2764\/revisions\/2767"}],"wp:attachment":[{"href":"https:\/\/elmonarca.es\/fr\/wp-json\/wp\/v2\/media?parent=2764"}],"curies":[{"name":"wp","href":"https:\/\/api.w.org\/{rel}","templated":true}]}}