{"id":2795,"date":"2021-12-03T12:19:13","date_gmt":"2021-12-03T12:19:13","guid":{"rendered":"https:\/\/elmonarca.es\/engagement-envers-la-societe\/"},"modified":"2022-09-15T12:03:45","modified_gmt":"2022-09-15T12:03:45","slug":"engagement-envers-la-societe","status":"publish","type":"page","link":"https:\/\/elmonarca.es\/fr\/engagement-envers-la-societe\/","title":{"rendered":"Engagement envers la soci\u00e9t\u00e9"},"content":{"rendered":"<div class=\"wpb-content-wrapper\"><p>[vc_row css=&#8221;.vc_custom_1635939578234{margin-bottom: 100px !important;}&#8221;][vc_column][vc_column_text]<\/p>\n<h4 style=\"text-align: center; font-weight: 300;\">Chez El Monarca, nous connaissons l&#8217;importance de la responsabilit\u00e9 sociale des entreprises (RSE), et c&#8217;est pourquoi nous collaborons avec diff\u00e9rentes fondations et projets \u00e0 caract\u00e8re social.<\/h4>\n<p style=\"text-align: center;\"><span style=\"color: #696969; font-family: Playfair Display; font-style: italic; font-weight: 400; font-size: 18px;\">Fruits et l\u00e9gumes El Monarca, engag\u00e9 dans ce qui nous appartient<\/span><\/p>\n<p>[\/vc_column_text][\/vc_column][\/vc_row][vc_section][vc_row css=&#8221;.vc_custom_1636030547523{margin-bottom: 75px !important;}&#8221;][vc_column][vc_column_text]<\/p>\n<h2 style=\"text-align: center; font-size: 48px; letter-spacing: 0.1em; color: #527807; font-weight: 300; line-height: 1.2;\">ENGAGEMENT \u00c0<br \/>\nPERSONNES ATTEINTES DE DOWN<\/h2>\n<p>[\/vc_column_text][\/vc_column][\/vc_row][vc_row css=&#8221;.vc_custom_1635940010292{margin-bottom: 25px !important;}&#8221;][vc_column][insight_title uppercase=&#8221;yes&#8221; font_family=&#8221;secondary&#8221; font_weight=&#8221;300&#8243; background_icon=&#8221;yes&#8221; separator_line=&#8221;yes&#8221; align=&#8221;text-left&#8221; title=&#8221;Melon Solidaire Down&#8221; el_class=&#8221;.verde-sub&#8221;][\/vc_column][\/vc_row][vc_row][vc_column width=&#8221;1\/2&#8243; css=&#8221;.vc_custom_1635939982123{margin-top: 50px !important;}&#8221;][vc_column_text]<\/p>\n<p class=\"Textbody\">En collaboration avec <strong>Assido<\/strong> , depuis 2002, nous offrons la possibilit\u00e9 d&#8217;acheter <strong>Mel\u00f3n Solidario<\/strong> . Avec l&#8217;achat de ce melon, elle a collabor\u00e9 \u00e0 des projets tels que <strong>RESSIDO<\/strong> , qui s&#8217;appuie sur <strong>offrir des services sociaux de qualit\u00e9 de vie et d&#8217;emploi aux personnes trisomiques<\/strong>, par la construction de centres de loisirs et d&#8217;une r\u00e9sidence qui, 365 jours par an, accueille des personnes handicap\u00e9es de plus de 40 ans, am\u00e9liorant ainsi leur qualit\u00e9 de vie.<\/p>\n<p class=\"Textbody\">Depuis 2017, Mel\u00f3n Solidario est r\u00e9alis\u00e9 <strong>en collaboration avec Down Espa\u00f1a et El Corte Ingl\u00e9s<\/strong> . Le melon peut \u00eatre achet\u00e9 de mai \u00e0 octobre dans les magasins <strong>Grupo El Corte Ingl\u00e9s<\/strong> (Supermercado, Hipercor et Supercor), \u00e0 la fois dans les magasins physiques et <a href=\"https:\/\/www.elcorteingles.es\/supermercado\/0110118102100494-melon-piel-de-sapo-solidario-pieza-3-kg-peso-aproximado\/\"><span style=\"color: windowtext; text-decoration: none; text-underline: none;\">en ligne<\/span><\/a> .<\/p>\n<p>[\/vc_column_text][\/vc_column][vc_column width=&#8221;1\/2&#8243;][vc_single_image image=&#8221;1361&#8243; img_size=&#8221;large&#8221;][\/vc_column][\/vc_row][vc_row css=&#8221;.vc_custom_1635940010292{margin-bottom: 25px !important;}&#8221;][vc_column][insight_title uppercase=&#8221;yes&#8221; font_family=&#8221;secondary&#8221; font_weight=&#8221;300&#8243; background_icon=&#8221;yes&#8221; separator_line=&#8221;yes&#8221; align=&#8221;text-right&#8221; title=&#8221;Past\u00e8que Solidaire DOWN&#8221; el_class=&#8221;.verde-sub&#8221;][\/vc_column][\/vc_row][vc_row][vc_column width=&#8221;1\/2&#8243; css=&#8221;.vc_custom_1635939982123{margin-top: 50px !important;}&#8221;][vc_single_image image=&#8221;1362&#8243; img_size=&#8221;large&#8221;][\/vc_column][vc_column width=&#8221;1\/2&#8243;][vc_column_text]<\/p>\n<p class=\"Textbody\"><strong>Depuis 2018<\/strong> , en plus du Melon Solidaire, vous pouvez acheter le <strong>Past\u00e8que Solidaire<\/strong> , \u00e9galement <strong>au profit de Down Spain<\/strong> et qui peut \u00eatre achet\u00e9 <strong>dans les magasins du Groupe El Corte Ingl\u00e9s<\/strong> (Supermercado, Hipercor et Supercor). Comme le melon, <a href=\"https:\/\/www.elcorteingles.es\/supermercado\/0110118102100510-el-monarca-sandia-sin-pepita-solidaria-pieza-35-kg-peso-aproximado\/\"><span style=\"color: windowtext; text-decoration: none; text-underline: none;\">il peut \u00eatre achet\u00e9 en ligne<\/span><\/a> sur les sites Internet du groupe.<\/p>\n<p>[\/vc_column_text][\/vc_column][\/vc_row][vc_row css=&#8221;.vc_custom_1635940010292{margin-bottom: 25px !important;}&#8221;][vc_column][insight_title uppercase=&#8221;yes&#8221; font_family=&#8221;secondary&#8221; font_weight=&#8221;300&#8243; background_icon=&#8221;yes&#8221; separator_line=&#8221;yes&#8221; align=&#8221;text-left&#8221; title=&#8221;Artichaut Solidaire DOWN&#8221; el_class=&#8221;.verde-sub&#8221;][\/vc_column][\/vc_row][vc_row][vc_column width=&#8221;1\/2&#8243; css=&#8221;.vc_custom_1635939982123{margin-top: 50px !important;}&#8221;][vc_column_text]<\/p>\n<p class=\"Textbody\">Apr\u00e8s le succ\u00e8s de la campagne solidaire melon 2017, nous avons commercialis\u00e9 un nouveau produit pour les mois de novembre \u00e0 mars. Comme le melon, <strong>il peut \u00eatre achet\u00e9 dans les magasins du groupe El Corte Ingl\u00e9s<\/strong> (Supermercado, Hipercor et Supercor), \u00e0 la fois dans les magasins physiques et en ligne. <strong>Gr\u00e2ce \u00e0 l&#8217;alcahofa, vous pouvez acheter des produits solidaires en faveur de Down Spain tout au long de l&#8217;ann\u00e9e<\/strong> .<\/p>\n<p>[\/vc_column_text][\/vc_column][vc_column width=&#8221;1\/2&#8243;][vc_single_image image=&#8221;1363&#8243; img_size=&#8221;large&#8221;][\/vc_column][\/vc_row][vc_row css=&#8221;.vc_custom_1635940010292{margin-bottom: 25px !important;}&#8221;][vc_column][insight_title uppercase=&#8221;yes&#8221; font_family=&#8221;secondary&#8221; font_weight=&#8221;300&#8243; background_icon=&#8221;yes&#8221; separator_line=&#8221;yes&#8221; align=&#8221;text-left&#8221; title=&#8221;ENGAG\u00c9S CONTRE LE CANCER DU SEIN&#8221; el_class=&#8221;.verde-sub&#8221;][\/vc_column][\/vc_row][vc_row][vc_column width=&#8221;1\/2&#8243; css=&#8221;.vc_custom_1663242571826{margin-top: 0px !important;}&#8221;][vc_single_image image=&#8221;3807&#8243; img_size=&#8221;large&#8221;][\/vc_column][vc_column width=&#8221;1\/2&#8243;][vc_column_text]<\/p>\n<p class=\"Textbody\">En 2018, nous avons cr\u00e9\u00e9 le projet solidaire <strong>Un Mar de Vida<\/strong>, fabriqu\u00e9 dans un contenant cr\u00e9\u00e9 sp\u00e9cialement pour ce produit, une bo\u00eete de melon de la couleur qui repr\u00e9sente <strong>la lutte contre le cancer du sein<\/strong>, le rose.<br \/>\nLe b\u00e9n\u00e9fice de ces melons va \u00e0<strong> l&#8217;Association Sportive Flamenco Rosa<\/strong>, compos\u00e9e enti\u00e8rement de femmes qui ont vaincu le cancer du sein, et qui composent l&#8217;\u00e9quipe d&#8217;aviron<strong> Dragon Boat Flamenco Rosa BS<\/strong>, la premi\u00e8re en Espagne dans cette modalit\u00e9 d&#8217;aviron BCS ( Survivants du cancer du sein , survivantes du cancer du sein)<\/p>\n<p>[\/vc_column_text][\/vc_column][\/vc_row][\/vc_section]<\/p>\n<\/div>","protected":false},"excerpt":{"rendered":"<p>[vc_row css=&#8221;.vc_custom_1635939578234{margin-bottom: 100px !important;}&#8221;][vc_column][vc_column_text] Chez El Monarca, nous connaissons l&#8217;importance de la responsabilit\u00e9 sociale des entreprises (RSE), et c&#8217;est pourquoi nous collaborons avec diff\u00e9rentes fondations et projets \u00e0 caract\u00e8re social. Fruits et l\u00e9gumes El Monarca, engag\u00e9 dans ce qui nous appartient [\/vc_column_text][\/vc_column][\/vc_row][vc_section][vc_row css=&#8221;.vc_custom_1636030547523{margin-bottom: 75px !important;}&#8221;][vc_column][vc_column_text] ENGAGEMENT \u00c0 PERSONNES ATTEINTES DE DOWN [\/vc_column_text][\/vc_column][\/vc_row][vc_row css=&#8221;.vc_custom_1635940010292{margin-bottom: 25px !important;}&#8221;][vc_column][insight_title&#8230;<\/p>\n","protected":false},"author":1,"featured_media":0,"parent":0,"menu_order":0,"comment_status":"closed","ping_status":"closed","template":"","meta":{"footnotes":""},"class_list":["post-2795","page","type-page","status-publish","hentry"],"_links":{"self":[{"href":"https:\/\/elmonarca.es\/fr\/wp-json\/wp\/v2\/pages\/2795","targetHints":{"allow":["GET"]}}],"collection":[{"href":"https:\/\/elmonarca.es\/fr\/wp-json\/wp\/v2\/pages"}],"about":[{"href":"https:\/\/elmonarca.es\/fr\/wp-json\/wp\/v2\/types\/page"}],"author":[{"embeddable":true,"href":"https:\/\/elmonarca.es\/fr\/wp-json\/wp\/v2\/users\/1"}],"replies":[{"embeddable":true,"href":"https:\/\/elmonarca.es\/fr\/wp-json\/wp\/v2\/comments?post=2795"}],"version-history":[{"count":13,"href":"https:\/\/elmonarca.es\/fr\/wp-json\/wp\/v2\/pages\/2795\/revisions"}],"predecessor-version":[{"id":3842,"href":"https:\/\/elmonarca.es\/fr\/wp-json\/wp\/v2\/pages\/2795\/revisions\/3842"}],"wp:attachment":[{"href":"https:\/\/elmonarca.es\/fr\/wp-json\/wp\/v2\/media?parent=2795"}],"curies":[{"name":"wp","href":"https:\/\/api.w.org\/{rel}","templated":true}]}}