{"id":2855,"date":"2021-12-03T12:19:18","date_gmt":"2021-12-03T12:19:18","guid":{"rendered":"https:\/\/elmonarca.es\/engagement-qualite-de-nos-produits\/"},"modified":"2022-06-15T09:35:58","modified_gmt":"2022-06-15T09:35:58","slug":"engagement-qualite-de-nos-produits","status":"publish","type":"page","link":"https:\/\/elmonarca.es\/fr\/engagement-qualite-de-nos-produits\/","title":{"rendered":"Engagement qualit\u00e9 de nos produits"},"content":{"rendered":"<div class=\"wpb-content-wrapper\"><p>[vc_row css=&#8221;.vc_custom_1635939578234{margin-bottom: 100px !important;}&#8221;][vc_column][vc_column_text]<\/p>\n<h4 style=\"text-align: center; font-weight: 300;\">Nous prenons soin de chaque d\u00e9tail li\u00e9 au produit final. La qualit\u00e9 de nos produits est bas\u00e9e sur <strong>la s\u00e9curit\u00e9 alimentaire<\/strong> , conform\u00e9ment \u00e0 la l\u00e9gislation espagnole et europ\u00e9enne, ainsi qu&#8217;aux normes requises par nos certifications. Nous effectuons des contr\u00f4les de qualit\u00e9 sur nos produits \u00e0 toutes leurs \u00e9tapes, en \u00e9liminant ceux qui pr\u00e9sentent des non-conformit\u00e9s. De plus, <strong>nous garantissons la tra\u00e7abilit\u00e9 de chaque lot de produit<\/strong> .<\/h4>\n<p style=\"text-align: center;\"><span style=\"color: #696969; font-family: Playfair Display; font-style: italic; font-weight: 400; font-size: 18px;\">Fruits et l\u00e9gumes El Monarca, engag\u00e9 dans ce qui nous appartient<\/span><\/p>\n<p>[\/vc_column_text][\/vc_column][\/vc_row][vc_section][vc_row css=&#8221;.vc_custom_1636030547523{margin-bottom: 75px !important;}&#8221;][vc_column][vc_column_text]<\/p>\n<h2 style=\"text-align: center; font-size: 48px; letter-spacing: 0.1em; color: #527807; font-weight: 300; line-height: 1.2;\">CERTIFICATIONS<\/h2>\n<p>[\/vc_column_text][\/vc_column][\/vc_row][vc_row][vc_column width=&#8221;1\/6&#8243;][\/vc_column][vc_column width=&#8221;2\/3&#8243;][insight_icon_boxes style=&#8221;style-plant-1&#8243; icon_type=&#8221;custom&#8221; element_tag=&#8221;&#8221; custom_icon=&#8221;1523&#8243; title=&#8221;BRCGS&#8221; css=&#8221;.vc_custom_1636367410204{margin-bottom: 25px !important;}&#8221;]La norme BRC Global Standard for Food Safety sert \u00e0 assurer le respect des obligations l\u00e9gales en mati\u00e8re de s\u00e9curit\u00e9 alimentaire, ainsi qu&#8217;\u00e0 garantir le plus haut niveau de protection des consommateurs.[\/insight_icon_boxes][vc_separator el_width=&#8221;70&#8243;][\/vc_column][vc_column width=&#8221;1\/6&#8243;][\/vc_column][\/vc_row][vc_row][vc_column width=&#8221;1\/6&#8243;][\/vc_column][vc_column width=&#8221;2\/3&#8243;][insight_icon_boxes style=&#8221;style-plant-1&#8243; icon_type=&#8221;custom&#8221; element_tag=&#8221;&#8221; custom_icon=&#8221;1520&#8243; title=&#8221;IFS Food&#8221; css=&#8221;.vc_custom_1636367441279{margin-top: 25px !important;margin-bottom: 25px !important;}&#8221;]Il s&#8217;agit d&#8217;une norme qui certifie la s\u00e9curit\u00e9 alimentaire et la qualit\u00e9 des produits lorsqu&#8217;ils sont \u00ab&nbsp;transform\u00e9s&nbsp;\u00bb ou lorsqu&#8217;il existe un risque de contamination du produit emball\u00e9. Il est reconnu par la Global Food Safety Initiative (GFSI).[\/insight_icon_boxes][vc_separator el_width=&#8221;70&#8243;][\/vc_column][vc_column width=&#8221;1\/6&#8243;][\/vc_column][\/vc_row][vc_row][vc_column width=&#8221;1\/6&#8243;][\/vc_column][vc_column width=&#8221;2\/3&#8243;][insight_icon_boxes style=&#8221;style-plant-1&#8243; icon_type=&#8221;custom&#8221; element_tag=&#8221;&#8221; custom_icon=&#8221;1518&#8243; title=&#8221;GLOBALG.A.P. CoC&#8221; css=&#8221;.vc_custom_1636367571919{margin-top: 25px !important;margin-bottom: 25px !important;}&#8221;]GLOBALG.AP pour Chain of Custody (CoC) s&#8217;applique aux processus commerciaux.<br \/>\nLa norme GLOBALG.AP pour la cha\u00eene de tra\u00e7abilit\u00e9 (CoC) offre un degr\u00e9 \u00e9lev\u00e9 de transparence et d&#8217;int\u00e9grit\u00e9, ce qui ajoute de la valeur \u00e0 notre produit et \u00e0 notre marque sur le march\u00e9 et une garantie suppl\u00e9mentaire pour nos clients.[\/insight_icon_boxes][vc_separator el_width=&#8221;70&#8243;][\/vc_column][vc_column width=&#8221;1\/6&#8243;][\/vc_column][\/vc_row][vc_row][vc_column width=&#8221;1\/6&#8243;][\/vc_column][vc_column width=&#8221;2\/3&#8243;][insight_icon_boxes style=&#8221;style-plant-1&#8243; icon_type=&#8221;custom&#8221; element_tag=&#8221;&#8221; custom_icon=&#8221;1519&#8243; title=&#8221;GRASP&#8221; css=&#8221;.vc_custom_1636367578286{margin-top: 25px !important;margin-bottom: 25px !important;}&#8221;]Il s&#8217;agit d&#8217;une certification GLOBALG.AP qui vise \u00e0 garantir que les travailleurs effectuent leurs t\u00e2ches dans les meilleures conditions de travail. Il est certifi\u00e9 que les travailleurs sont dans un environnement optimal en termes de sant\u00e9, de bien-\u00eatre et de s\u00e9curit\u00e9.[\/insight_icon_boxes][vc_separator el_width=&#8221;70&#8243;][\/vc_column][vc_column width=&#8221;1\/6&#8243;][\/vc_column][\/vc_row][vc_row][vc_column width=&#8221;1\/6&#8243;][\/vc_column][vc_column width=&#8221;2\/3&#8243;][insight_icon_boxes style=&#8221;style-plant-1&#8243; icon_type=&#8221;custom&#8221; element_tag=&#8221;&#8221; custom_icon=&#8221;1531&#8243; title=&#8221;Albert Heijn&#8221; css=&#8221;.vc_custom_1636367586690{margin-top: 25px !important;margin-bottom: 25px !important;}&#8221;]La certification Albert Heijn confirme qu&#8217;un protocole a \u00e9t\u00e9 suivi, dont la fonction est de contr\u00f4ler les niveaux de d\u00e9chets \u00e0 la source. Cette certification garantit le traitement correct des d\u00e9chets \u00e0 la source.[\/insight_icon_boxes][vc_separator el_width=&#8221;70&#8243;][\/vc_column][vc_column width=&#8221;1\/6&#8243;][\/vc_column][\/vc_row][vc_row][vc_column width=&#8221;1\/6&#8243;][\/vc_column][vc_column width=&#8221;2\/3&#8243;][insight_icon_boxes style=&#8221;style-plant-1&#8243; icon_type=&#8221;custom&#8221; element_tag=&#8221;&#8221; custom_icon=&#8221;1517&#8243; title=&#8221;Agricultura ecol\u00f3gica&#8221; css=&#8221;.vc_custom_1636367538751{margin-top: 25px !important;margin-bottom: 25px !important;}&#8221;]L&#8217;agriculture biologique est un ensemble de techniques de culture qui sont r\u00e9alis\u00e9es sans utiliser de produits chimiques ni de semences g\u00e9n\u00e9tiquement modifi\u00e9es et en respectant les cycles de la Nature. Ainsi, l&#8217;agriculture biologique est respectueuse de l&#8217;environnement naturel. Les aliments issus de ce type d&#8217;agriculture sont tr\u00e8s sains et conservent toutes leurs propri\u00e9t\u00e9s nutritionnelles, leur<br \/>\nsaveur et sa vitalit\u00e9.<br \/>\n[\/insight_icon_boxes][vc_separator el_width=&#8221;70&#8243;][\/vc_column][vc_column width=&#8221;1\/6&#8243;][\/vc_column][\/vc_row][vc_row][vc_column width=&#8221;1\/6&#8243;][\/vc_column][vc_column width=&#8221;2\/3&#8243;][insight_icon_boxes style=&#8221;style-plant-1&#8243; icon_type=&#8221;custom&#8221; element_tag=&#8221;&#8221; custom_icon=&#8221;1522&#8243; title=&#8221;SPRING&#8221; css=&#8221;.vc_custom_1636367237964{margin-top: 25px !important;margin-bottom: 25px !important;}&#8221;]Il s&#8217;agit d&#8217;un module compl\u00e9mentaire GLOBALG.AP au niveau du terrain qui aide les producteurs, les d\u00e9taillants et les commer\u00e7ants \u00e0 d\u00e9montrer leur engagement envers la gestion durable des sols et de l&#8217;eau pour les cultures.[\/insight_icon_boxes][vc_separator el_width=&#8221;70&#8243;][\/vc_column][vc_column width=&#8221;1\/6&#8243;][\/vc_column][\/vc_row][vc_row][vc_column width=&#8221;1\/6&#8243;][\/vc_column][vc_column width=&#8221;2\/3&#8243;][insight_icon_boxes style=&#8221;style-plant-1&#8243; icon_type=&#8221;custom&#8221; element_tag=&#8221;&#8221; custom_icon=&#8221;1534&#8243; title=&#8221;GLOBALG.A.P.&#8221; css=&#8221;.vc_custom_1636367349484{margin-top: 25px !important;margin-bottom: 25px !important;}&#8221;]C&#8217;est une norme internationale qui certifie les Bonnes Pratiques Agricoles. Cet ensemble de bonnes pratiques vise \u00e0 rendre les cultures s\u00fbres et l&#8217;agriculture durable et respectueuse de l&#8217;environnement.[\/insight_icon_boxes][\/vc_column][vc_column width=&#8221;1\/6&#8243;][\/vc_column][\/vc_row][\/vc_section]<\/p>\n<\/div>","protected":false},"excerpt":{"rendered":"<p>[vc_row css=&#8221;.vc_custom_1635939578234{margin-bottom: 100px !important;}&#8221;][vc_column][vc_column_text] Nous prenons soin de chaque d\u00e9tail li\u00e9 au produit final. La qualit\u00e9 de nos produits est bas\u00e9e sur la s\u00e9curit\u00e9 alimentaire , conform\u00e9ment \u00e0 la l\u00e9gislation espagnole et europ\u00e9enne, ainsi qu&#8217;aux normes requises par nos certifications. Nous effectuons des contr\u00f4les de qualit\u00e9 sur nos produits \u00e0 toutes leurs \u00e9tapes, en \u00e9liminant&#8230;<\/p>\n","protected":false},"author":1,"featured_media":0,"parent":0,"menu_order":0,"comment_status":"closed","ping_status":"closed","template":"","meta":{"footnotes":""},"class_list":["post-2855","page","type-page","status-publish","hentry"],"_links":{"self":[{"href":"https:\/\/elmonarca.es\/fr\/wp-json\/wp\/v2\/pages\/2855","targetHints":{"allow":["GET"]}}],"collection":[{"href":"https:\/\/elmonarca.es\/fr\/wp-json\/wp\/v2\/pages"}],"about":[{"href":"https:\/\/elmonarca.es\/fr\/wp-json\/wp\/v2\/types\/page"}],"author":[{"embeddable":true,"href":"https:\/\/elmonarca.es\/fr\/wp-json\/wp\/v2\/users\/1"}],"replies":[{"embeddable":true,"href":"https:\/\/elmonarca.es\/fr\/wp-json\/wp\/v2\/comments?post=2855"}],"version-history":[{"count":13,"href":"https:\/\/elmonarca.es\/fr\/wp-json\/wp\/v2\/pages\/2855\/revisions"}],"predecessor-version":[{"id":3799,"href":"https:\/\/elmonarca.es\/fr\/wp-json\/wp\/v2\/pages\/2855\/revisions\/3799"}],"wp:attachment":[{"href":"https:\/\/elmonarca.es\/fr\/wp-json\/wp\/v2\/media?parent=2855"}],"curies":[{"name":"wp","href":"https:\/\/api.w.org\/{rel}","templated":true}]}}