{"id":2942,"date":"2021-12-03T12:19:24","date_gmt":"2021-12-03T12:19:24","guid":{"rendered":"https:\/\/elmonarca.es\/nos-installations\/"},"modified":"2021-12-17T10:40:17","modified_gmt":"2021-12-17T10:40:17","slug":"nos-installations","status":"publish","type":"page","link":"https:\/\/elmonarca.es\/fr\/nos-installations\/","title":{"rendered":"Nos installations"},"content":{"rendered":"<div class=\"wpb-content-wrapper\"><p>[vc_row css=&#8221;.vc_custom_1636370541770{margin-top: 50px !important;}&#8221;][vc_column][vc_column_text css=&#8221;.vc_custom_1636369695395{margin-bottom: 50px !important;}&#8221;]<\/p>\n<p class=\"Textbody\" style=\"text-align: center;\">D\u00e9but 2018, nous avons d\u00e9m\u00e9nag\u00e9 dans nos nouvelles installations \u00e0 <strong>Balsapintada<\/strong> , dans la municipalit\u00e9 de <strong>Fuente \u00c1lamo (Murcie)<\/strong> . Nous avons un tout nouvel entrep\u00f4t <strong>certifi\u00e9 selon les normes IFS Food, GLOBALG.AP et BRCGS<\/strong> . De plus, un secteur de notre entrep\u00f4t est activ\u00e9 pour <strong>la production biologique<\/strong> et poss\u00e8de la <strong>certification du Conseil d&#8217;agriculture \u00e9cologique de la r\u00e9gion de Murcie<\/strong> .<\/p>\n<p>[\/vc_column_text][vc_gallery interval=&#8221;3&#8243; images=&#8221;1541,1542,1543&#8243; img_size=&#8221;full&#8221;][\/vc_column][\/vc_row][vc_row css=&#8221;.vc_custom_1636370724154{margin-bottom: 100px !important;}&#8221;][vc_column css=&#8221;.vc_custom_1476955411902{margin-top: 0px !important;padding-top: 0px !important;}&#8221;][vc_gmaps link=&#8221;#E-8_JTNDaWZyYW1lJTIwc3JjJTNEJTIyaHR0cHMlM0ElMkYlMkZ3d3cuZ29vZ2xlLmNvbSUyRm1hcHMlMkZlbWJlZCUzRnBiJTNEJTIxMW0xOCUyMTFtMTIlMjExbTMlMjExZDMxNTQuMzY0Mjk1OTYzNDEyNiUyMTJkLTEuMTAyMzc0NTEwNTQzMTY4NiUyMTNkMzcuNzU4MDU1NDQxODgxNTQ1JTIxMm0zJTIxMWYwJTIxMmYwJTIxM2YwJTIxM20yJTIxMWkxMDI0JTIxMmk3NjglMjE0ZjEzLjElMjEzbTMlMjExbTIlMjExczB4ZDYzNjVkY2I3OTY3NTBmJTI1M0EweDk0NTNjYzg0NzlhNjNmOWIlMjEyc0ZydXRhcyUyNTIweSUyNTIwVmVyZHVyYXMlMjUyMEVsJTI1MjBNb25hcmNhJTI1MjAtJTI1MjBNZWxvbmVzJTI1MjBFbCUyNTIwTW9uYXJjYSUyNTIwLSUyNTIwTWVsJTI1QzMlMjVCM24lMjUyMFBpZWwlMjUyMGRlJTI1MjBTYXBvJTIxNWUwJTIxM20yJTIxMXNlcyUyMTJzZXMlMjE0djE2MzUzMjE3MjU4MTIlMjE1bTIlMjExc2VzJTIxMnNlcyUyMiUyMHdpZHRoJTNEJTIyMTkyMCUyMiUyMGhlaWdodCUzRCUyMjYwMCUyMiUyMHN0eWxlJTNEJTIyYm9yZGVyJTNBMCUzQiUyMiUyMGFsbG93ZnVsbHNjcmVlbiUzRCUyMiUyMiUyMGxvYWRpbmclM0QlMjJsYXp5JTIyJTNFJTNDJTJGaWZyYW1lJTNF&#8221; size=&#8221;480&#8243;][\/vc_column][\/vc_row][vc_row full_width=&#8221;stretch_row_content_no_spaces&#8221; css=&#8221;.vc_custom_1636372486448{margin-bottom: 0px !important;background-color: #f8f7f7 !important;}&#8221;][vc_column width=&#8221;1\/3&#8243;][\/vc_column][vc_column width=&#8221;1\/3&#8243;][insight_title uppercase=&#8221;yes&#8221; sub_title_enable=&#8221;yes&#8221; background_icon=&#8221;yes&#8221; title=&#8221;Contacta&#8221; sub_title=&#8221;con nosotros&#8221;]\n<div class=\"wpcf7 no-js\" id=\"wpcf7-f19-o1\" lang=\"es-ES\" dir=\"ltr\">\n<div class=\"screen-reader-response\"><p role=\"status\" aria-live=\"polite\" aria-atomic=\"true\"><\/p> <ul><\/ul><\/div>\n<form action=\"\/fr\/wp-json\/wp\/v2\/pages\/2942#wpcf7-f19-o1\" method=\"post\" class=\"wpcf7-form init\" aria-label=\"Formulario de contacto\" novalidate=\"novalidate\" data-status=\"init\">\n<div style=\"display: none;\">\n<input type=\"hidden\" name=\"_wpcf7\" value=\"19\" \/>\n<input type=\"hidden\" name=\"_wpcf7_version\" value=\"5.8.7\" \/>\n<input type=\"hidden\" name=\"_wpcf7_locale\" value=\"es_ES\" \/>\n<input type=\"hidden\" name=\"_wpcf7_unit_tag\" value=\"wpcf7-f19-o1\" \/>\n<input type=\"hidden\" name=\"_wpcf7_container_post\" value=\"0\" \/>\n<input type=\"hidden\" name=\"_wpcf7_posted_data_hash\" value=\"\" \/>\n<input type=\"hidden\" name=\"_wpcf7_recaptcha_response\" value=\"\" \/>\n<\/div>\n<p><label> Tu nombre<br \/>\n<span class=\"wpcf7-form-control-wrap\" data-name=\"your-name\"><input size=\"40\" class=\"wpcf7-form-control wpcf7-text wpcf7-validates-as-required\" aria-required=\"true\" aria-invalid=\"false\" value=\"\" type=\"text\" name=\"your-name\" \/><\/span> <\/label>\n<\/p>\n<p><label> Tu correo electr\u00f3nico<br \/>\n<span class=\"wpcf7-form-control-wrap\" data-name=\"your-email\"><input size=\"40\" class=\"wpcf7-form-control wpcf7-email wpcf7-validates-as-required wpcf7-text wpcf7-validates-as-email\" aria-required=\"true\" aria-invalid=\"false\" value=\"\" type=\"email\" name=\"your-email\" \/><\/span> <\/label>\n<\/p>\n<p><label> Asunto<br \/>\n<span class=\"wpcf7-form-control-wrap\" data-name=\"your-subject\"><input size=\"40\" class=\"wpcf7-form-control wpcf7-text wpcf7-validates-as-required\" aria-required=\"true\" aria-invalid=\"false\" value=\"\" type=\"text\" name=\"your-subject\" \/><\/span> <\/label>\n<\/p>\n<p><label> Tu mensaje (opcional)<br \/>\n<span class=\"wpcf7-form-control-wrap\" data-name=\"your-message\"><textarea cols=\"40\" rows=\"10\" class=\"wpcf7-form-control wpcf7-textarea\" aria-invalid=\"false\" name=\"your-message\"><\/textarea><\/span> <\/label>\n<\/p>\n<p><input class=\"wpcf7-form-control wpcf7-submit has-spinner\" type=\"submit\" value=\"Enviar\" \/>\n<\/p><div class=\"wpcf7-response-output\" aria-hidden=\"true\"><\/div>\n<\/form>\n<\/div>\n[\/vc_column][vc_column width=&#8221;1\/3&#8243;][\/vc_column][\/vc_row][vc_row full_width=&#8221;stretch_row_content_no_spaces&#8221; css=&#8221;.vc_custom_1636373698366{margin-top: 0px !important;margin-bottom: 0px !important;background-color: #f8f7f7 !important;}&#8221;][vc_column width=&#8221;1\/4&#8243;][\/vc_column][vc_column width=&#8221;1\/2&#8243;][vc_single_image image=&#8221;1329&#8243; img_size=&#8221;full&#8221; alignment=&#8221;center&#8221; css=&#8221;.vc_custom_1636373052057{margin-top: 50px !important;margin-bottom: 0px !important;}&#8221;][\/vc_column][vc_column width=&#8221;1\/4&#8243;][\/vc_column][\/vc_row]<\/p>\n<\/div>","protected":false},"excerpt":{"rendered":"<p>[vc_row css=&#8221;.vc_custom_1636370541770{margin-top: 50px !important;}&#8221;][vc_column][vc_column_text css=&#8221;.vc_custom_1636369695395{margin-bottom: 50px !important;}&#8221;] D\u00e9but 2018, nous avons d\u00e9m\u00e9nag\u00e9 dans nos nouvelles installations \u00e0 Balsapintada , dans la municipalit\u00e9 de Fuente \u00c1lamo (Murcie) . Nous avons un tout nouvel entrep\u00f4t certifi\u00e9 selon les normes IFS Food, GLOBALG.AP et BRCGS . De plus, un secteur de notre entrep\u00f4t est activ\u00e9 pour la production&#8230;<\/p>\n","protected":false},"author":1,"featured_media":0,"parent":0,"menu_order":0,"comment_status":"closed","ping_status":"closed","template":"","meta":{"footnotes":""},"class_list":["post-2942","page","type-page","status-publish","hentry"],"_links":{"self":[{"href":"https:\/\/elmonarca.es\/fr\/wp-json\/wp\/v2\/pages\/2942","targetHints":{"allow":["GET"]}}],"collection":[{"href":"https:\/\/elmonarca.es\/fr\/wp-json\/wp\/v2\/pages"}],"about":[{"href":"https:\/\/elmonarca.es\/fr\/wp-json\/wp\/v2\/types\/page"}],"author":[{"embeddable":true,"href":"https:\/\/elmonarca.es\/fr\/wp-json\/wp\/v2\/users\/1"}],"replies":[{"embeddable":true,"href":"https:\/\/elmonarca.es\/fr\/wp-json\/wp\/v2\/comments?post=2942"}],"version-history":[{"count":4,"href":"https:\/\/elmonarca.es\/fr\/wp-json\/wp\/v2\/pages\/2942\/revisions"}],"predecessor-version":[{"id":3182,"href":"https:\/\/elmonarca.es\/fr\/wp-json\/wp\/v2\/pages\/2942\/revisions\/3182"}],"wp:attachment":[{"href":"https:\/\/elmonarca.es\/fr\/wp-json\/wp\/v2\/media?parent=2942"}],"curies":[{"name":"wp","href":"https:\/\/api.w.org\/{rel}","templated":true}]}}