{"id":2952,"date":"2021-12-03T12:19:28","date_gmt":"2021-12-03T12:19:28","guid":{"rendered":"https:\/\/elmonarca.es\/gamme-ecologique\/"},"modified":"2022-06-15T09:48:58","modified_gmt":"2022-06-15T09:48:58","slug":"gamme-ecologique","status":"publish","type":"page","link":"https:\/\/elmonarca.es\/fr\/gamme-ecologique\/","title":{"rendered":"Agriculture durable"},"content":{"rendered":"<div class=\"wpb-content-wrapper\"><p>[vc_row][vc_column width=&#8221;1\/6&#8243;][\/vc_column][vc_column width=&#8221;2\/3&#8243;][vc_single_image image=&#8221;1567&#8243; img_size=&#8221;full&#8221; alignment=&#8221;right&#8221;][vc_column_text css=&#8221;.vc_custom_1655282424116{margin-bottom: 50px !important;}&#8221;]<\/p>\n<p class=\"Textbody\" style=\"text-align: center;\"><strong><span class=\"StrongEmphasis\">Monarca Organic<\/span><\/strong> est la marque El Monarca Fruits et L\u00e9gumes pour<strong>\u00a0une agriculture durable.<\/strong><\/p>\n<p class=\"Textbody\" style=\"text-align: center;\">Notre entreprise est consciente au quotidien de l&#8217;importance de <strong>cultiver diff\u00e9rents produits de mani\u00e8re responsable et respectueuse de l&#8217;environnement<\/strong> .<\/p>\n<p class=\"Textbody\" style=\"text-align: center;\">Nous utilisons diff\u00e9rentes techniques de culture ; du plus traditionnel au plus innovant, en obtenant des produits au go\u00fbt unique et <strong>respectueux de notre plan\u00e8te.<\/strong><\/p>\n<p class=\"Textbody\" style=\"text-align: center;\">Dans le cadre de notre engagement pour l&#8217;environnement, nous avons d\u00e9velopp\u00e9 cette marque qui comprend <strong>du melon (Piel de Sapo et Amarillo) et du citron<\/strong> , le tout avec <strong>un certificat d&#8217;Agriculture Biologique de l&#8217;Union Europ\u00e9enne<\/strong> .<\/p>\n<p>[\/vc_column_text][vc_single_image image=&#8221;3787&#8243; img_size=&#8221;full&#8221; alignment=&#8221;center&#8221;][\/vc_column][vc_column width=&#8221;1\/6&#8243;][\/vc_column][\/vc_row]<\/p>\n<\/div>","protected":false},"excerpt":{"rendered":"<p>[vc_row][vc_column width=&#8221;1\/6&#8243;][\/vc_column][vc_column width=&#8221;2\/3&#8243;][vc_single_image image=&#8221;1567&#8243; img_size=&#8221;full&#8221; alignment=&#8221;right&#8221;][vc_column_text css=&#8221;.vc_custom_1655282424116{margin-bottom: 50px !important;}&#8221;] Monarca Organic est la marque El Monarca Fruits et L\u00e9gumes pour\u00a0une agriculture durable. Notre entreprise est consciente au quotidien de l&#8217;importance de cultiver diff\u00e9rents produits de mani\u00e8re responsable et respectueuse de l&#8217;environnement . Nous utilisons diff\u00e9rentes techniques de culture ; du plus traditionnel au plus innovant,&#8230;<\/p>\n","protected":false},"author":1,"featured_media":0,"parent":0,"menu_order":0,"comment_status":"closed","ping_status":"closed","template":"","meta":{"footnotes":""},"class_list":["post-2952","page","type-page","status-publish","hentry"],"_links":{"self":[{"href":"https:\/\/elmonarca.es\/fr\/wp-json\/wp\/v2\/pages\/2952","targetHints":{"allow":["GET"]}}],"collection":[{"href":"https:\/\/elmonarca.es\/fr\/wp-json\/wp\/v2\/pages"}],"about":[{"href":"https:\/\/elmonarca.es\/fr\/wp-json\/wp\/v2\/types\/page"}],"author":[{"embeddable":true,"href":"https:\/\/elmonarca.es\/fr\/wp-json\/wp\/v2\/users\/1"}],"replies":[{"embeddable":true,"href":"https:\/\/elmonarca.es\/fr\/wp-json\/wp\/v2\/comments?post=2952"}],"version-history":[{"count":11,"href":"https:\/\/elmonarca.es\/fr\/wp-json\/wp\/v2\/pages\/2952\/revisions"}],"predecessor-version":[{"id":3803,"href":"https:\/\/elmonarca.es\/fr\/wp-json\/wp\/v2\/pages\/2952\/revisions\/3803"}],"wp:attachment":[{"href":"https:\/\/elmonarca.es\/fr\/wp-json\/wp\/v2\/media?parent=2952"}],"curies":[{"name":"wp","href":"https:\/\/api.w.org\/{rel}","templated":true}]}}