{"id":3037,"date":"2021-12-14T11:18:19","date_gmt":"2021-12-14T11:18:19","guid":{"rendered":"https:\/\/elmonarca.es\/nos-marques\/"},"modified":"2022-09-16T09:23:48","modified_gmt":"2022-09-16T09:23:48","slug":"nos-marques","status":"publish","type":"page","link":"https:\/\/elmonarca.es\/fr\/nos-marques\/","title":{"rendered":"Nos marques"},"content":{"rendered":"<div class=\"wpb-content-wrapper\"><p>[vc_row css=&#8221;.vc_custom_1635939578234{margin-bottom: 100px !important;}&#8221;][vc_column css=&#8221;.vc_custom_1636113532759{padding-top: 60px !important;}&#8221;][vc_column_text]<\/p>\n<h5 class=\"Textbody\" style=\"text-align: center;\">Nous avons diff\u00e9rentes marques avec lesquelles nous fabriquons nos produits.<br \/>\nChacun d&#8217;eux a son propre caract\u00e8re, mais tous pr\u00e9servent l&#8217;essence d&#8217;El Monarca<\/h5>\n<p>[\/vc_column_text][\/vc_column][\/vc_row][vc_section css=&#8221;.vc_custom_1636111697142{margin-bottom: 0px !important;}&#8221;][vc_row css=&#8221;.vc_custom_1635940010292{margin-bottom: 25px !important;}&#8221;][vc_column][insight_title uppercase=&#8221;yes&#8221; font_family=&#8221;secondary&#8221; font_weight=&#8221;300&#8243; background_icon=&#8221;yes&#8221; separator_line=&#8221;yes&#8221; align=&#8221;text-left&#8221; title=&#8221;EL MONARCA&#8221; el_class=&#8221;.verde-sub&#8221;][\/vc_column][\/vc_row][vc_row][vc_column width=&#8221;1\/2&#8243; css=&#8221;.vc_custom_1635939982123{margin-top: 50px !important;}&#8221;][vc_column_text]C&#8217;est notre marque par excellence, et elle porte le caract\u00e8re de l&#8217;entreprise dans son nom et dans son design, puisque nos melons <strong><em>El Monarca<\/em><\/strong> sont habill\u00e9s des rayons dor\u00e9s du soleil.[\/vc_column_text][\/vc_column][vc_column width=&#8221;1\/2&#8243;][vc_images_carousel images=&#8221;1474,1475,1476,1477&#8243; img_size=&#8221;full&#8221; speed=&#8221;5300&#8243; autoplay=&#8221;yes&#8221; wrap=&#8221;yes&#8221;][\/vc_column][\/vc_row][vc_row css=&#8221;.vc_custom_1635940010292{margin-bottom: 25px !important;}&#8221;][vc_column][insight_title uppercase=&#8221;yes&#8221; font_family=&#8221;secondary&#8221; font_weight=&#8221;300&#8243; background_icon=&#8221;yes&#8221; separator_line=&#8221;yes&#8221; align=&#8221;text-right&#8221; title=&#8221;UNIQUE by Monarca&#8221; el_class=&#8221;.verde-sub&#8221;][\/vc_column][\/vc_row][vc_row][vc_column width=&#8221;1\/2&#8243; css=&#8221;.vc_custom_1635939982123{margin-top: 50px !important;}&#8221;][vc_images_carousel images=&#8221;1464,1484,1487&#8243; img_size=&#8221;full&#8221; speed=&#8221;4900&#8243; autoplay=&#8221;yes&#8221; wrap=&#8221;yes&#8221;][\/vc_column][vc_column width=&#8221;1\/2&#8243;][vc_column_text]Nos melons et past\u00e8ques <strong><em>Unique<\/em><\/strong> sont une ode \u00e0 la beaut\u00e9 naturelle, \u00e0 ces choses uniques et irrempla\u00e7ables que nous trouvons dans chaque nuance de saveur.[\/vc_column_text][\/vc_column][\/vc_row][vc_row css=&#8221;.vc_custom_1635940010292{margin-bottom: 25px !important;}&#8221;][vc_column][insight_title uppercase=&#8221;yes&#8221; font_family=&#8221;secondary&#8221; font_weight=&#8221;300&#8243; background_icon=&#8221;yes&#8221; separator_line=&#8221;yes&#8221; align=&#8221;text-left&#8221; title=&#8221;Mes Trois Soleils | The Three Suns&#8221; el_class=&#8221;.verde-sub&#8221;][\/vc_column][\/vc_row][vc_row][vc_column width=&#8221;1\/2&#8243; css=&#8221;.vc_custom_1635939982123{margin-top: 50px !important;}&#8221;][vc_column_text]Avec <strong><em>Mes Trois Soleils (The Three Suns)<\/em><\/strong> nous entendons faire voyager le palais et les sens, avec une pr\u00e9sentation qui \u00e9voque les couchers de soleil d&#8217;\u00e9t\u00e9[\/vc_column_text][\/vc_column][vc_column width=&#8221;1\/2&#8243;][vc_images_carousel images=&#8221;1473,1472,1471&#8243; img_size=&#8221;full&#8221; autoplay=&#8221;yes&#8221; wrap=&#8221;yes&#8221;][\/vc_column][\/vc_row][vc_row css=&#8221;.vc_custom_1635940010292{margin-bottom: 25px !important;}&#8221;][vc_column][insight_title uppercase=&#8221;yes&#8221; font_family=&#8221;secondary&#8221; font_weight=&#8221;300&#8243; background_icon=&#8221;yes&#8221; separator_line=&#8221;yes&#8221; align=&#8221;text-right&#8221; title=&#8221;ORANGE CANDY by Monarca&#8221; el_class=&#8221;.verde-sub&#8221;][\/vc_column][\/vc_row][vc_row][vc_column width=&#8221;1\/2&#8243; css=&#8221;.vc_custom_1635939982123{margin-top: 50px !important;}&#8221;][vc_images_carousel images=&#8221;1468,1470,1485&#8243; img_size=&#8221;full&#8221; speed=&#8221;5200&#8243; autoplay=&#8221;yes&#8221; wrap=&#8221;yes&#8221;][\/vc_column][vc_column width=&#8221;1\/2&#8243;][vc_column_text]<strong><em>Orange Candy by Monarca<\/em><\/strong> est la marque de notre melon Premium de la vari\u00e9t\u00e9 Orange Candy. Ce melon se distingue par sa saveur sucr\u00e9e intense, et par sa couleur orange \u00e0 l&#8217;int\u00e9rieur et jaune sur l&#8217;\u00e9corce.[\/vc_column_text][\/vc_column][\/vc_row][vc_row css=&#8221;.vc_custom_1635940010292{margin-bottom: 25px !important;}&#8221;][vc_column][insight_title uppercase=&#8221;yes&#8221; font_family=&#8221;secondary&#8221; font_weight=&#8221;300&#8243; background_icon=&#8221;yes&#8221; separator_line=&#8221;yes&#8221; align=&#8221;text-left&#8221; title=&#8221;RIQUISSIMO&#8221; el_class=&#8221;.verde-sub&#8221;][\/vc_column][\/vc_row][vc_row][vc_column width=&#8221;1\/2&#8243; css=&#8221;.vc_custom_1635939982123{margin-top: 50px !important;}&#8221;][vc_column_text]Les melons <strong><em>Riquissimo<\/em><\/strong><strong> sont notre engagement envers la saveur naturelle, avec une pr\u00e9sentation aux couleurs vives et fra\u00eeches.[\/vc_column_text][\/vc_column][vc_column width=&#8221;1\/2&#8243;][vc_images_carousel images=&#8221;1467,1466,1465&#8243; img_size=&#8221;full&#8221; speed=&#8221;5100&#8243; autoplay=&#8221;yes&#8221; wrap=&#8221;yes&#8221;][\/vc_column][\/vc_row][vc_row css=&#8221;.vc_custom_1635940010292{margin-bottom: 25px !important;}&#8221;][vc_column][insight_title uppercase=&#8221;yes&#8221; font_family=&#8221;secondary&#8221; font_weight=&#8221;300&#8243; background_icon=&#8221;yes&#8221; separator_line=&#8221;yes&#8221; align=&#8221;text-right&#8221; title=&#8221;USA BUBBA FRESH&#8221; el_class=&#8221;.verde-sub&#8221;][\/vc_column][\/vc_row][vc_row][vc_column width=&#8221;1\/2&#8243; css=&#8221;.vc_custom_1635939982123{margin-top: 50px !important;}&#8221;][vc_single_image image=&#8221;3816&#8243; img_size=&#8221;full&#8221;][\/vc_column][vc_column width=&#8221;1\/2&#8243;][vc_column_text]<strong>USA Fruit Fresh Bubba<\/strong> est une entreprise de fruits et l\u00e9gumes d\u00e9di\u00e9e \u00e0 la production, la manutention, la distribution, l&#8217;importation et l&#8217;exportation de produits frais situ\u00e9e \u00e0 Miami, aux \u00c9tats-Unis. Apr\u00e8s 30 ans d&#8217;exp\u00e9rience sur le march\u00e9 espagnol, nous avons l&#8217;intention de transf\u00e9rer cette exp\u00e9rience sur le march\u00e9 am\u00e9ricain et de satisfaire les consommateurs gr\u00e2ce \u00e0 nos produits.[\/vc_column_text][\/vc_column][\/vc_row][\/vc_section][vc_row css=&#8221;.vc_custom_1636113294892{margin-bottom: 0px !important;border-radius: 10px !important;}&#8221;][vc_column css=&#8221;.vc_custom_1636113360185{margin-bottom: 0px !important;}&#8221;][vc_single_image image=&#8221;1329&#8243; img_size=&#8221;full&#8221; alignment=&#8221;center&#8221; css=&#8221;.vc_custom_1636111605094{margin-bottom: 0px !important;}&#8221;][\/vc_column][\/vc_row]<\/p>\n<\/div>","protected":false},"excerpt":{"rendered":"<p>[vc_row css=&#8221;.vc_custom_1635939578234{margin-bottom: 100px !important;}&#8221;][vc_column css=&#8221;.vc_custom_1636113532759{padding-top: 60px !important;}&#8221;][vc_column_text] Nous avons diff\u00e9rentes marques avec lesquelles nous fabriquons nos produits. Chacun d&#8217;eux a son propre caract\u00e8re, mais tous pr\u00e9servent l&#8217;essence d&#8217;El Monarca [\/vc_column_text][\/vc_column][\/vc_row][vc_section css=&#8221;.vc_custom_1636111697142{margin-bottom: 0px !important;}&#8221;][vc_row css=&#8221;.vc_custom_1635940010292{margin-bottom: 25px !important;}&#8221;][vc_column][insight_title uppercase=&#8221;yes&#8221; font_family=&#8221;secondary&#8221; font_weight=&#8221;300&#8243; background_icon=&#8221;yes&#8221; separator_line=&#8221;yes&#8221; align=&#8221;text-left&#8221; title=&#8221;EL MONARCA&#8221; el_class=&#8221;.verde-sub&#8221;][\/vc_column][\/vc_row][vc_row][vc_column width=&#8221;1\/2&#8243; css=&#8221;.vc_custom_1635939982123{margin-top: 50px !important;}&#8221;][vc_column_text]C&#8217;est notre marque par excellence, et elle&#8230;<\/p>\n","protected":false},"author":1,"featured_media":0,"parent":0,"menu_order":0,"comment_status":"closed","ping_status":"closed","template":"","meta":{"footnotes":""},"class_list":["post-3037","page","type-page","status-publish","hentry"],"_links":{"self":[{"href":"https:\/\/elmonarca.es\/fr\/wp-json\/wp\/v2\/pages\/3037","targetHints":{"allow":["GET"]}}],"collection":[{"href":"https:\/\/elmonarca.es\/fr\/wp-json\/wp\/v2\/pages"}],"about":[{"href":"https:\/\/elmonarca.es\/fr\/wp-json\/wp\/v2\/types\/page"}],"author":[{"embeddable":true,"href":"https:\/\/elmonarca.es\/fr\/wp-json\/wp\/v2\/users\/1"}],"replies":[{"embeddable":true,"href":"https:\/\/elmonarca.es\/fr\/wp-json\/wp\/v2\/comments?post=3037"}],"version-history":[{"count":13,"href":"https:\/\/elmonarca.es\/fr\/wp-json\/wp\/v2\/pages\/3037\/revisions"}],"predecessor-version":[{"id":3894,"href":"https:\/\/elmonarca.es\/fr\/wp-json\/wp\/v2\/pages\/3037\/revisions\/3894"}],"wp:attachment":[{"href":"https:\/\/elmonarca.es\/fr\/wp-json\/wp\/v2\/media?parent=3037"}],"curies":[{"name":"wp","href":"https:\/\/api.w.org\/{rel}","templated":true}]}}