{"id":3365,"date":"2021-10-25T11:36:59","date_gmt":"2021-10-25T11:36:59","guid":{"rendered":"https:\/\/elmonarca.es\/producto\/artichaut-blanc-de-tudela\/"},"modified":"2021-12-22T11:06:24","modified_gmt":"2021-12-22T11:06:24","slug":"artichaut-blanc-de-tudela","status":"publish","type":"product","link":"https:\/\/elmonarca.es\/fr\/producto\/artichaut-blanc-de-tudela\/","title":{"rendered":"Artichaut Blanc de Tudela"},"content":{"rendered":"<p>L&#8217;Artichaut Blanc de Tudela se caract\u00e9rise par une couleur verte non brillante, une forme ovale et un trou circulaire dans la partie sup\u00e9rieure. Le fruit est tendre et caract\u00e9ris\u00e9 par l&#8217;absence de poils. Ils se reproduisent v\u00e9g\u00e9tativement par bouturage ou souches.<\/p>\n","protected":false},"excerpt":{"rendered":"<p>L&#8217;Artichaut Blanc de Tudela se caract\u00e9rise par une couleur verte non brillante, une forme ovale et un trou circulaire dans la partie sup\u00e9rieure.<\/p>\n","protected":false},"featured_media":2383,"template":"","meta":[],"product_cat":[123],"product_tag":[],"class_list":{"0":"post-3365","1":"product","2":"type-product","3":"status-publish","4":"has-post-thumbnail","6":"product_cat-artichaut","8":"first","9":"onbackorder","10":"shipping-taxable","11":"product-type-simple"},"_links":{"self":[{"href":"https:\/\/elmonarca.es\/fr\/wp-json\/wp\/v2\/product\/3365","targetHints":{"allow":["GET"]}}],"collection":[{"href":"https:\/\/elmonarca.es\/fr\/wp-json\/wp\/v2\/product"}],"about":[{"href":"https:\/\/elmonarca.es\/fr\/wp-json\/wp\/v2\/types\/product"}],"wp:featuredmedia":[{"embeddable":true,"href":"https:\/\/elmonarca.es\/fr\/wp-json\/wp\/v2\/media\/2383"}],"wp:attachment":[{"href":"https:\/\/elmonarca.es\/fr\/wp-json\/wp\/v2\/media?parent=3365"}],"wp:term":[{"taxonomy":"product_cat","embeddable":true,"href":"https:\/\/elmonarca.es\/fr\/wp-json\/wp\/v2\/product_cat?post=3365"},{"taxonomy":"product_tag","embeddable":true,"href":"https:\/\/elmonarca.es\/fr\/wp-json\/wp\/v2\/product_tag?post=3365"}],"curies":[{"name":"wp","href":"https:\/\/api.w.org\/{rel}","templated":true}]}}