{"id":3368,"date":"2021-10-25T11:35:15","date_gmt":"2021-10-25T11:35:15","guid":{"rendered":"https:\/\/elmonarca.es\/producto\/artichaut-calico\/"},"modified":"2021-10-25T11:35:15","modified_gmt":"2021-10-25T11:35:15","slug":"artichaut-calico","status":"publish","type":"product","link":"https:\/\/elmonarca.es\/fr\/producto\/artichaut-calico\/","title":{"rendered":"Artichaut Calic\u00f3"},"content":{"rendered":"<p>Il se caract\u00e9rise par le fait que ses fleurs sont compos\u00e9es de la fusion de centaines de petites fleurs. A partir de la partie centrale de la plante se d\u00e9veloppe la tige qui finit par produire une t\u00eate qui constitue la partie comestible de la plante.<\/p>\n<p>C&#8217;est le prototype de l\u00e9gumes sains, recommand\u00e9 par les m\u00e9decins sp\u00e9cialistes pour sa quantit\u00e9 importante de fibres, de fer et de vitamine B. C&#8217;est un aliment nettoyant, tr\u00e8s appropri\u00e9 pour le contr\u00f4le du diab\u00e8te, la constipation et la pr\u00e9vention du cancer.<\/p>\n","protected":false},"excerpt":{"rendered":"<p>Il se caract\u00e9rise par le fait que ses fleurs sont compos\u00e9es de la fusion de centaines de petites fleurs.<\/p>\n","protected":false},"featured_media":2386,"template":"","meta":[],"product_cat":[123],"product_tag":[],"class_list":{"0":"post-3368","1":"product","2":"type-product","3":"status-publish","4":"has-post-thumbnail","6":"product_cat-artichaut","8":"first","9":"onbackorder","10":"shipping-taxable","11":"product-type-simple"},"_links":{"self":[{"href":"https:\/\/elmonarca.es\/fr\/wp-json\/wp\/v2\/product\/3368","targetHints":{"allow":["GET"]}}],"collection":[{"href":"https:\/\/elmonarca.es\/fr\/wp-json\/wp\/v2\/product"}],"about":[{"href":"https:\/\/elmonarca.es\/fr\/wp-json\/wp\/v2\/types\/product"}],"wp:featuredmedia":[{"embeddable":true,"href":"https:\/\/elmonarca.es\/fr\/wp-json\/wp\/v2\/media\/2386"}],"wp:attachment":[{"href":"https:\/\/elmonarca.es\/fr\/wp-json\/wp\/v2\/media?parent=3368"}],"wp:term":[{"taxonomy":"product_cat","embeddable":true,"href":"https:\/\/elmonarca.es\/fr\/wp-json\/wp\/v2\/product_cat?post=3368"},{"taxonomy":"product_tag","embeddable":true,"href":"https:\/\/elmonarca.es\/fr\/wp-json\/wp\/v2\/product_tag?post=3368"}],"curies":[{"name":"wp","href":"https:\/\/api.w.org\/{rel}","templated":true}]}}