{"id":3371,"date":"2021-10-25T10:34:16","date_gmt":"2021-10-25T10:34:16","guid":{"rendered":"https:\/\/elmonarca.es\/producto\/melon-orange-candy\/"},"modified":"2021-10-25T10:34:16","modified_gmt":"2021-10-25T10:34:16","slug":"melon-orange-candy","status":"publish","type":"product","link":"https:\/\/elmonarca.es\/fr\/producto\/melon-orange-candy\/","title":{"rendered":"Melon Orange Candy"},"content":{"rendered":"<p>Nous vous pr\u00e9sentons notre nouveau melon Premium, Orange Candy par Monarca. C&#8217;est un produit Premium, un melon \u00e0 la douceur intense, orange \u00e0 l&#8217;int\u00e9rieur et jaune \u00e0 l&#8217;\u00e9corce.<\/p>\n<p>Avec ce melon, nous r\u00e9cup\u00e9rons la saveur traditionnelle du melon dans une pr\u00e9sentation innovante marqu\u00e9e par le contraste de la couleur noire qui l&#8217;entoure avec le jaune intense et brillant \u00e0 l&#8217;ext\u00e9rieur.<\/p>\n<p>Cette nouvelle vari\u00e9t\u00e9 de la maison S\u00e9minis a \u00e9t\u00e9 pr\u00e9sent\u00e9e en 2015, et a \u00e9t\u00e9 tr\u00e8s bien accueillie par les restaurateurs et les cercles s\u00e9lects. Cultiv\u00e9 \u00e0 Campo de Cartagena, dans le sud-est de l&#8217;Espagne, sa saveur est exquise et sa douceur varie de 15\u00ba \u00e0 19\u00ba Brix.<\/p>\n<p>Il est en vente dans les supermarch\u00e9s du groupe El Corte Ingl\u00e9s, et un pourcentage des b\u00e9n\u00e9fices (0,05 \u20ac\/kg) revient \u00e0 DOWN Spain, la F\u00e9d\u00e9ration espagnole des personnes trisomiques.<\/p>\n","protected":false},"excerpt":{"rendered":"<p>Nous vous pr\u00e9sentons notre nouveau melon Premium, Orange Candy par Monarca. C&#8217;est un produit Premium, un melon \u00e0 la douceur intense, orange \u00e0 l&#8217;int\u00e9rieur et jaune \u00e0 l&#8217;\u00e9corce.<\/p>\n","protected":false},"featured_media":2395,"template":"","meta":[],"product_cat":[126],"product_tag":[],"class_list":{"0":"post-3371","1":"product","2":"type-product","3":"status-publish","4":"has-post-thumbnail","6":"product_cat-melons-fr","8":"first","9":"onbackorder","10":"shipping-taxable","11":"product-type-simple"},"_links":{"self":[{"href":"https:\/\/elmonarca.es\/fr\/wp-json\/wp\/v2\/product\/3371","targetHints":{"allow":["GET"]}}],"collection":[{"href":"https:\/\/elmonarca.es\/fr\/wp-json\/wp\/v2\/product"}],"about":[{"href":"https:\/\/elmonarca.es\/fr\/wp-json\/wp\/v2\/types\/product"}],"wp:featuredmedia":[{"embeddable":true,"href":"https:\/\/elmonarca.es\/fr\/wp-json\/wp\/v2\/media\/2395"}],"wp:attachment":[{"href":"https:\/\/elmonarca.es\/fr\/wp-json\/wp\/v2\/media?parent=3371"}],"wp:term":[{"taxonomy":"product_cat","embeddable":true,"href":"https:\/\/elmonarca.es\/fr\/wp-json\/wp\/v2\/product_cat?post=3371"},{"taxonomy":"product_tag","embeddable":true,"href":"https:\/\/elmonarca.es\/fr\/wp-json\/wp\/v2\/product_tag?post=3371"}],"curies":[{"name":"wp","href":"https:\/\/api.w.org\/{rel}","templated":true}]}}