{"id":3374,"date":"2021-10-25T10:30:31","date_gmt":"2021-10-25T10:30:31","guid":{"rendered":"https:\/\/elmonarca.es\/producto\/melon-jaune\/"},"modified":"2021-10-25T10:30:31","modified_gmt":"2021-10-25T10:30:31","slug":"melon-jaune","status":"publish","type":"product","link":"https:\/\/elmonarca.es\/fr\/producto\/melon-jaune\/","title":{"rendered":"Melon Jaune"},"content":{"rendered":"<p>Le melon jaune, canari (Cucumis melo) ou melon d&#8217;hiver est un gros melon allong\u00e9 et jaune vif avec une pulpe interne vert p\u00e2le \u00e0 blanche. Ce cantaloup a une saveur sucr\u00e9e distinctive qui est l\u00e9g\u00e8rement plus \u00e9pic\u00e9e qu&#8217;un cantaloup. La pulpe ressemble \u00e0 celle d&#8217;une poire mais est plus molle. A maturit\u00e9, la cro\u00fbte a un toucher l\u00e9g\u00e8rement cireux. Le nom vient de sa couleur jaune vif, qui ressemble \u00e0 celle du canari.<\/p>\n","protected":false},"excerpt":{"rendered":"<p>Le melon jaune, canari (Cucumis melo) ou melon d&#8217;hiver est un gros melon allong\u00e9 et jaune vif avec une pulpe interne vert p\u00e2le \u00e0 blanche.<\/p>\n","protected":false},"featured_media":2392,"template":"","meta":[],"product_cat":[126],"product_tag":[],"class_list":{"0":"post-3374","1":"product","2":"type-product","3":"status-publish","4":"has-post-thumbnail","6":"product_cat-melons-fr","8":"first","9":"onbackorder","10":"shipping-taxable","11":"product-type-simple"},"_links":{"self":[{"href":"https:\/\/elmonarca.es\/fr\/wp-json\/wp\/v2\/product\/3374","targetHints":{"allow":["GET"]}}],"collection":[{"href":"https:\/\/elmonarca.es\/fr\/wp-json\/wp\/v2\/product"}],"about":[{"href":"https:\/\/elmonarca.es\/fr\/wp-json\/wp\/v2\/types\/product"}],"wp:featuredmedia":[{"embeddable":true,"href":"https:\/\/elmonarca.es\/fr\/wp-json\/wp\/v2\/media\/2392"}],"wp:attachment":[{"href":"https:\/\/elmonarca.es\/fr\/wp-json\/wp\/v2\/media?parent=3374"}],"wp:term":[{"taxonomy":"product_cat","embeddable":true,"href":"https:\/\/elmonarca.es\/fr\/wp-json\/wp\/v2\/product_cat?post=3374"},{"taxonomy":"product_tag","embeddable":true,"href":"https:\/\/elmonarca.es\/fr\/wp-json\/wp\/v2\/product_tag?post=3374"}],"curies":[{"name":"wp","href":"https:\/\/api.w.org\/{rel}","templated":true}]}}