{"id":3377,"date":"2021-10-25T10:24:36","date_gmt":"2021-10-25T10:24:36","guid":{"rendered":"https:\/\/elmonarca.es\/producto\/melon-de-peau-de-crapaud\/"},"modified":"2021-10-25T10:24:36","modified_gmt":"2021-10-25T10:24:36","slug":"melon-de-peau-de-crapaud","status":"publish","type":"product","link":"https:\/\/elmonarca.es\/fr\/producto\/melon-de-peau-de-crapaud\/","title":{"rendered":"Melon de Peau de Crapaud"},"content":{"rendered":"<p>Le melon de Peau de Crapaud est une vari\u00e9t\u00e9 de melon originaire d&#8217;Espagne qui atteint environ 30 cm. de forme longue et ovo\u00efde. Il a une cro\u00fbte externe \u00e9paisse avec des rayures vertes et une pulpe interne vert p\u00e2le \u00e0 blanche avec une saveur douce de melon et une douceur semblable au miellat.<\/p>\n","protected":false},"excerpt":{"rendered":"<p>Le melon de Peau de Crapaud est une vari\u00e9t\u00e9 de melon originaire d&#8217;Espagne qui atteint environ 30 cm.<\/p>\n","protected":false},"featured_media":2389,"template":"","meta":[],"product_cat":[126],"product_tag":[],"class_list":{"0":"post-3377","1":"product","2":"type-product","3":"status-publish","4":"has-post-thumbnail","6":"product_cat-melons-fr","8":"first","9":"onbackorder","10":"shipping-taxable","11":"product-type-simple"},"_links":{"self":[{"href":"https:\/\/elmonarca.es\/fr\/wp-json\/wp\/v2\/product\/3377","targetHints":{"allow":["GET"]}}],"collection":[{"href":"https:\/\/elmonarca.es\/fr\/wp-json\/wp\/v2\/product"}],"about":[{"href":"https:\/\/elmonarca.es\/fr\/wp-json\/wp\/v2\/types\/product"}],"wp:featuredmedia":[{"embeddable":true,"href":"https:\/\/elmonarca.es\/fr\/wp-json\/wp\/v2\/media\/2389"}],"wp:attachment":[{"href":"https:\/\/elmonarca.es\/fr\/wp-json\/wp\/v2\/media?parent=3377"}],"wp:term":[{"taxonomy":"product_cat","embeddable":true,"href":"https:\/\/elmonarca.es\/fr\/wp-json\/wp\/v2\/product_cat?post=3377"},{"taxonomy":"product_tag","embeddable":true,"href":"https:\/\/elmonarca.es\/fr\/wp-json\/wp\/v2\/product_tag?post=3377"}],"curies":[{"name":"wp","href":"https:\/\/api.w.org\/{rel}","templated":true}]}}